{"id":16,"date":"2025-03-28T15:59:16","date_gmt":"2025-03-28T18:59:16","guid":{"rendered":"https:\/\/innovacon.simplificandotuweb.com\/?page_id=16"},"modified":"2025-06-17T12:22:27","modified_gmt":"2025-06-17T10:22:27","slug":"cookie-policy","status":"publish","type":"page","link":"https:\/\/revorn.art\/es\/cookie-policy\/","title":{"rendered":"Pol\u00edtica de cookies"},"content":{"rendered":"<div data-elementor-type=\"wp-page\" data-elementor-id=\"16\" class=\"elementor elementor-16\" data-elementor-post-type=\"page\">\n\t\t\t\t<div class=\"elementor-element elementor-element-ad89983 e-flex e-con-boxed e-con e-parent\" data-id=\"ad89983\" data-element_type=\"container\" data-settings=\"{&quot;background_background&quot;:&quot;classic&quot;}\">\n\t\t\t\t\t<div class=\"e-con-inner\">\n\t\t\t\t\t<\/div>\n\t\t\t\t<\/div>\n\t\t<div class=\"elementor-element elementor-element-246501b e-flex e-con-boxed e-con e-parent\" data-id=\"246501b\" data-element_type=\"container\" data-settings=\"{&quot;animation&quot;:&quot;none&quot;}\">\n\t\t\t\t\t<div class=\"e-con-inner\">\n\t\t<div class=\"elementor-element elementor-element-5e8da85 e-con-full e-flex e-con e-child\" data-id=\"5e8da85\" data-element_type=\"container\" data-settings=\"{&quot;sticky&quot;:&quot;top&quot;,&quot;sticky_offset&quot;:120,&quot;sticky_on&quot;:[&quot;desktop&quot;,&quot;tablet&quot;,&quot;mobile&quot;],&quot;sticky_effects_offset&quot;:0,&quot;sticky_anchor_link_offset&quot;:0}\">\n\t\t\t\t<div class=\"elementor-element elementor-element-4037747 animated-slow elementor-invisible elementor-widget elementor-widget-heading\" data-id=\"4037747\" data-element_type=\"widget\" data-settings=\"{&quot;_animation&quot;:&quot;fadeInDown&quot;}\" data-widget_type=\"heading.default\">\n\t\t\t\t<div class=\"elementor-widget-container\">\n\t\t\t\t\t<h1 class=\"elementor-heading-title elementor-size-default\">Pol\u00edtica de cookies<\/h1>\t\t\t\t<\/div>\n\t\t\t\t<\/div>\n\t\t\t\t<div class=\"elementor-element elementor-element-dc87458 animated-slow elementor-invisible elementor-widget elementor-widget-heading\" data-id=\"dc87458\" data-element_type=\"widget\" data-settings=\"{&quot;_animation&quot;:&quot;fadeInDown&quot;}\" data-widget_type=\"heading.default\">\n\t\t\t\t<div class=\"elementor-widget-container\">\n\t\t\t\t\t<span class=\"elementor-heading-title elementor-size-default\">REVORN ART BCN<\/span>\t\t\t\t<\/div>\n\t\t\t\t<\/div>\n\t\t\t\t<\/div>\n\t\t<div class=\"elementor-element elementor-element-dca5c68 e-con-full e-flex e-con e-child\" data-id=\"dca5c68\" data-element_type=\"container\">\n\t\t\t\t<div class=\"elementor-element elementor-element-76ac33ad post-content elementor-widget elementor-widget-text-editor\" data-id=\"76ac33ad\" data-element_type=\"widget\" data-widget_type=\"text-editor.default\">\n\t\t\t\t<div class=\"elementor-widget-container\">\n\t\t\t\t\t\t\t\t\t\n<h3 class=\"wp-block-heading\"><strong>1. Introducci\u00f3n<\/strong><\/h3>\n\n<p>Nuestro sitio web, https:\/\/revorn.art (en adelante, el \u00absitio web\u00bb), utiliza cookies y otras tecnolog\u00edas relacionadas (para simplificar, todas estas tecnolog\u00edas se denominan \u00abcookies\u00bb). Las cookies tambi\u00e9n pueden ser instaladas por terceros con los que hemos colaborado. En este documento, le informamos sobre el uso de cookies en nuestro sitio web.<\/p>\n\n<h3 class=\"wp-block-heading\"><strong>2. \u00bfQu\u00e9 son las cookies?<\/strong><\/h3>\n\n<p>Una cookie es un peque\u00f1o archivo de texto que se env\u00eda junto con las p\u00e1ginas de este sitio web y que su navegador almacena en el disco duro de su ordenador o dispositivo. La informaci\u00f3n almacenada en ellas puede ser devuelta a nuestros servidores o a los servidores de terceros relevantes durante una futura visita.<\/p>\n\n<h3 class=\"wp-block-heading\"><strong>3. \u00bfQu\u00e9 son los scripts?<\/strong><\/h3>\n\n<p>Un script es un fragmento de c\u00f3digo de programaci\u00f3n que se utiliza para que nuestro sitio web funcione correctamente y de forma interactiva. Este c\u00f3digo se ejecuta en nuestro servidor o en tu dispositivo.<\/p>\n\n<h3 class=\"wp-block-heading\"><strong>4. \u00bfQu\u00e9 es una baliza web?<\/strong><\/h3>\n\n<p>Una baliza web (o etiqueta de p\u00edxel) es un peque\u00f1o fragmento invisible de texto o imagen en un sitio web que se utiliza para monitorizar el tr\u00e1fico. Estas balizas web pueden almacenar diversos datos sobre usted.<\/p>\n\n<h3 class=\"wp-block-heading\"><strong>5. Galletas<\/strong><\/h3>\n\n<h4 class=\"wp-block-heading\">5.1 Cookies t\u00e9cnicas o funcionales<\/h4>\n\n<p>Algunas cookies garantizan el correcto funcionamiento de ciertas partes del sitio web y que se recuerden tus preferencias de usuario. Al instalar cookies funcionales, te facilitamos la visita a nuestro sitio web. De esta forma, no tienes que introducir repetidamente la misma informaci\u00f3n y, por ejemplo, los art\u00edculos permanecen en tu cesta de la compra hasta que completes la compra. Estas cookies se pueden instalar sin tu consentimiento.<\/p>\n\n<h4 class=\"wp-block-heading\">5.2 Cookies de marketing\/seguimiento<\/h4>\n\n<p>Las cookies de marketing\/seguimiento son cookies o cualquier otra forma de almacenamiento local utilizadas para crear perfiles de usuario para mostrar publicidad o para rastrear al usuario en este sitio web o en m\u00faltiples sitios web con fines de marketing similares.<\/p>\n\n<h3 class=\"wp-block-heading\"><strong>6. Cookies utilizadas<\/strong><\/h3>\n\n<ul>\n<li><strong>Elementor<\/strong> \u2013 Estad\u00edsticas (an\u00f3nimas)<br \/><em>Consentimiento para el servicio: elementor<\/em><\/li>\n<li><strong>WordPress<\/strong> \u2013 Funcional<br \/><em>Consentimiento para el servicio: wordpress<\/em><\/li>\n<li><strong>Miscel\u00e1neas<\/strong> \u2013 Prop\u00f3sito pendiente de investigaci\u00f3n<br \/><em>Consentimiento para el servicio: varios<\/em><\/li>\n<\/ul>\n\n<h3 class=\"wp-block-heading\"><strong>7. Consent<\/strong><\/h3>\n\n<p>Al visitar nuestro sitio web por primera vez, ver\u00e1 una ventana emergente con una explicaci\u00f3n sobre las cookies. Al hacer clic en &quot;Guardar preferencias&quot;, nos autoriza a usar las categor\u00edas de cookies y plugins que ha seleccionado, tal como se describe en esta Pol\u00edtica de Cookies. Puede desactivar el uso de cookies a trav\u00e9s de su navegador, pero tenga en cuenta que es posible que nuestro sitio web deje de funcionar correctamente.<\/p>\n\n<h4 class=\"wp-block-heading\">7.1 Gestiona tu configuraci\u00f3n de consentimiento<\/h4>\n\n<ul>\n<li><strong>Funcional:<\/strong> Siempre activo<\/li>\n<li><strong>Marketing:<\/strong> Habilitado\/deshabilitado por el usuario<\/li>\n<\/ul>\n\n<h3 class=\"wp-block-heading\"><strong>8. Habilitaci\u00f3n, deshabilitaci\u00f3n y eliminaci\u00f3n de cookies<\/strong><\/h3>\n\n<p>Puede usar su navegador de internet para eliminar las cookies de forma autom\u00e1tica o manual. Tambi\u00e9n puede especificar que no se instalen ciertas cookies. Otra opci\u00f3n es cambiar la configuraci\u00f3n de su navegador para que reciba un mensaje cada vez que se instale una cookie. Para obtener m\u00e1s informaci\u00f3n sobre estas opciones, consulte las instrucciones en la secci\u00f3n &quot;Ayuda&quot; de su navegador.<\/p>\n<p>Nota: Si desactiva todas las cookies, es posible que nuestro sitio web no funcione correctamente. Si elimina las cookies de su navegador, se volver\u00e1n a instalar tras su consentimiento cuando vuelva a visitar nuestro sitio web.<\/p>\n\n<h3 class=\"wp-block-heading\"><strong>9. Sus derechos con respecto a los datos personales<\/strong><\/h3>\n\n<p>Usted tiene los siguientes derechos con respecto a sus datos personales:<\/p>\n<ul>\n<li>Derecho a saber por qu\u00e9 se necesitan sus datos personales, qu\u00e9 sucede con ellos y durante cu\u00e1nto tiempo se conservar\u00e1n.<\/li>\n<li>Derecho de acceso: usted tiene derecho a acceder a sus datos personales que conocemos.<\/li>\n<li>Derecho de rectificaci\u00f3n: tienes derecho a complementar, corregir, eliminar o bloquear tus datos personales cuando lo desees.<\/li>\n<li>Si nos ha dado su consentimiento para procesar sus datos, tiene derecho a revocar dicho consentimiento y a eliminar sus datos personales.<\/li>\n<li>Derecho a la portabilidad de los datos: tienes derecho a solicitar todos tus datos personales al responsable del tratamiento y transferirlos a otro responsable.<\/li>\n<li>Derecho de oposici\u00f3n: Puede oponerse al tratamiento de sus datos. Lo haremos, salvo que existan motivos justificados para el tratamiento.<\/li>\n<\/ul>\n<p>Para ejercer estos derechos, cont\u00e1ctenos utilizando los datos que aparecen al final de esta Pol\u00edtica de Cookies. Si tiene alguna queja sobre c\u00f3mo gestionamos sus datos, le agradecer\u00edamos que nos diera la oportunidad de resolverla, pero tambi\u00e9n tiene derecho a presentar una queja ante la autoridad de protecci\u00f3n de datos.<\/p>\t\t\t\t\t\t\t\t<\/div>\n\t\t\t\t<\/div>\n\t\t\t\t<\/div>\n\t\t\t\t\t<\/div>\n\t\t\t\t<\/div>\n\t\t\t\t<\/div>","protected":false},"excerpt":{"rendered":"<p>REVORN ART BCN 1. Introduction Our website, https:\/\/revorn.art (hereinafter referred to as \u201cthe website\u201d), uses cookies and other related technologies (for simplicity, all such technologies are referred to as \u201ccookies\u201d). Cookies may also be placed by third parties we have engaged. In this document, we inform you about the use of cookies on our website. [&hellip;]<\/p>","protected":false},"author":1,"featured_media":0,"parent":0,"menu_order":18,"comment_status":"closed","ping_status":"closed","template":"","meta":{"_acf_changed":false,"_monsterinsights_skip_tracking":false,"_monsterinsights_sitenote_active":false,"_monsterinsights_sitenote_note":"","_monsterinsights_sitenote_category":0,"footnotes":""},"class_list":["post-16","page","type-page","status-publish","hentry"],"acf":[],"yoast_head":"<!-- This site is optimized with the Yoast SEO plugin v25.3.1 - https:\/\/yoast.com\/wordpress\/plugins\/seo\/ -->\n<title>Cookie Policy - REVORN ART TOWELS<\/title>\n<meta name=\"robots\" content=\"index, follow, max-snippet:-1, max-image-preview:large, max-video-preview:-1\" \/>\n<link rel=\"canonical\" href=\"https:\/\/revorn.art\/es\/cookie-policy\/\" \/>\n<meta property=\"og:locale\" content=\"es_ES\" \/>\n<meta property=\"og:type\" content=\"article\" \/>\n<meta property=\"og:title\" content=\"Cookie Policy - REVORN ART TOWELS\" \/>\n<meta property=\"og:description\" content=\"REVORN ART BCN 1. Introduction Our website, https:\/\/revorn.art (hereinafter referred to as \u201cthe website\u201d), uses cookies and other related technologies (for simplicity, all such technologies are referred to as \u201ccookies\u201d). Cookies may also be placed by third parties we have engaged. In this document, we inform you about the use of cookies on our website. [&hellip;]\" \/>\n<meta property=\"og:url\" content=\"https:\/\/revorn.art\/es\/cookie-policy\/\" \/>\n<meta property=\"og:site_name\" content=\"REVORN ART TOWELS\" \/>\n<meta property=\"article:modified_time\" content=\"2025-06-17T10:22:27+00:00\" \/>\n<meta name=\"twitter:card\" content=\"summary_large_image\" \/>\n<meta name=\"twitter:label1\" content=\"Tiempo de lectura\" \/>\n\t<meta name=\"twitter:data1\" content=\"3 minutos\" \/>\n<script type=\"application\/ld+json\" class=\"yoast-schema-graph\">{\"@context\":\"https:\/\/schema.org\",\"@graph\":[{\"@type\":\"WebPage\",\"@id\":\"https:\/\/revorn.art\/cookie-policy\/\",\"url\":\"https:\/\/revorn.art\/cookie-policy\/\",\"name\":\"Cookie Policy - REVORN ART TOWELS\",\"isPartOf\":{\"@id\":\"https:\/\/revorn.art\/#website\"},\"datePublished\":\"2025-03-28T18:59:16+00:00\",\"dateModified\":\"2025-06-17T10:22:27+00:00\",\"breadcrumb\":{\"@id\":\"https:\/\/revorn.art\/cookie-policy\/#breadcrumb\"},\"inLanguage\":\"es\",\"potentialAction\":[{\"@type\":\"ReadAction\",\"target\":[\"https:\/\/revorn.art\/cookie-policy\/\"]}]},{\"@type\":\"BreadcrumbList\",\"@id\":\"https:\/\/revorn.art\/cookie-policy\/#breadcrumb\",\"itemListElement\":[{\"@type\":\"ListItem\",\"position\":1,\"name\":\"Home\",\"item\":\"https:\/\/revorn.art\/\"},{\"@type\":\"ListItem\",\"position\":2,\"name\":\"Cookie Policy\"}]},{\"@type\":\"WebSite\",\"@id\":\"https:\/\/revorn.art\/#website\",\"url\":\"https:\/\/revorn.art\/\",\"name\":\"REVORN ART TOWELS\",\"description\":\"Art-Edition, Sustainable &amp; Technical Towels -  Made in Barcelona\",\"publisher\":{\"@id\":\"https:\/\/revorn.art\/#organization\"},\"potentialAction\":[{\"@type\":\"SearchAction\",\"target\":{\"@type\":\"EntryPoint\",\"urlTemplate\":\"https:\/\/revorn.art\/?s={search_term_string}\"},\"query-input\":{\"@type\":\"PropertyValueSpecification\",\"valueRequired\":true,\"valueName\":\"search_term_string\"}}],\"inLanguage\":\"es\"},{\"@type\":\"Organization\",\"@id\":\"https:\/\/revorn.art\/#organization\",\"name\":\"REVORN ART TOWELS\",\"url\":\"https:\/\/revorn.art\/\",\"logo\":{\"@type\":\"ImageObject\",\"inLanguage\":\"es\",\"@id\":\"https:\/\/revorn.art\/#\/schema\/logo\/image\/\",\"url\":\"https:\/\/revorn.art\/wp-content\/uploads\/2025\/05\/logo-revorn-1.png\",\"contentUrl\":\"https:\/\/revorn.art\/wp-content\/uploads\/2025\/05\/logo-revorn-1.png\",\"width\":919,\"height\":706,\"caption\":\"REVORN ART TOWELS\"},\"image\":{\"@id\":\"https:\/\/revorn.art\/#\/schema\/logo\/image\/\"}}]}<\/script>\n<!-- \/ Yoast SEO plugin. -->","yoast_head_json":{"title":"Cookie Policy - REVORN ART TOWELS","robots":{"index":"index","follow":"follow","max-snippet":"max-snippet:-1","max-image-preview":"max-image-preview:large","max-video-preview":"max-video-preview:-1"},"canonical":"https:\/\/revorn.art\/es\/cookie-policy\/","og_locale":"es_ES","og_type":"article","og_title":"Cookie Policy - REVORN ART TOWELS","og_description":"REVORN ART BCN 1. Introduction Our website, https:\/\/revorn.art (hereinafter referred to as \u201cthe website\u201d), uses cookies and other related technologies (for simplicity, all such technologies are referred to as \u201ccookies\u201d). Cookies may also be placed by third parties we have engaged. In this document, we inform you about the use of cookies on our website. [&hellip;]","og_url":"https:\/\/revorn.art\/es\/cookie-policy\/","og_site_name":"REVORN ART TOWELS","article_modified_time":"2025-06-17T10:22:27+00:00","twitter_card":"summary_large_image","twitter_misc":{"Tiempo de lectura":"3 minutos"},"schema":{"@context":"https:\/\/schema.org","@graph":[{"@type":"WebPage","@id":"https:\/\/revorn.art\/cookie-policy\/","url":"https:\/\/revorn.art\/cookie-policy\/","name":"Cookie Policy - REVORN ART TOWELS","isPartOf":{"@id":"https:\/\/revorn.art\/#website"},"datePublished":"2025-03-28T18:59:16+00:00","dateModified":"2025-06-17T10:22:27+00:00","breadcrumb":{"@id":"https:\/\/revorn.art\/cookie-policy\/#breadcrumb"},"inLanguage":"es","potentialAction":[{"@type":"ReadAction","target":["https:\/\/revorn.art\/cookie-policy\/"]}]},{"@type":"BreadcrumbList","@id":"https:\/\/revorn.art\/cookie-policy\/#breadcrumb","itemListElement":[{"@type":"ListItem","position":1,"name":"Home","item":"https:\/\/revorn.art\/"},{"@type":"ListItem","position":2,"name":"Cookie Policy"}]},{"@type":"WebSite","@id":"https:\/\/revorn.art\/#website","url":"https:\/\/revorn.art\/","name":"REVORN ART TOWELS","description":"Art-Edition, Sustainable &amp; Technical Towels -  Made in Barcelona","publisher":{"@id":"https:\/\/revorn.art\/#organization"},"potentialAction":[{"@type":"SearchAction","target":{"@type":"EntryPoint","urlTemplate":"https:\/\/revorn.art\/?s={search_term_string}"},"query-input":{"@type":"PropertyValueSpecification","valueRequired":true,"valueName":"search_term_string"}}],"inLanguage":"es"},{"@type":"Organization","@id":"https:\/\/revorn.art\/#organization","name":"REVORN ART TOWELS","url":"https:\/\/revorn.art\/","logo":{"@type":"ImageObject","inLanguage":"es","@id":"https:\/\/revorn.art\/#\/schema\/logo\/image\/","url":"https:\/\/revorn.art\/wp-content\/uploads\/2025\/05\/logo-revorn-1.png","contentUrl":"https:\/\/revorn.art\/wp-content\/uploads\/2025\/05\/logo-revorn-1.png","width":919,"height":706,"caption":"REVORN ART TOWELS"},"image":{"@id":"https:\/\/revorn.art\/#\/schema\/logo\/image\/"}}]}},"_links":{"self":[{"href":"https:\/\/revorn.art\/es\/wp-json\/wp\/v2\/pages\/16","targetHints":{"allow":["GET"]}}],"collection":[{"href":"https:\/\/revorn.art\/es\/wp-json\/wp\/v2\/pages"}],"about":[{"href":"https:\/\/revorn.art\/es\/wp-json\/wp\/v2\/types\/page"}],"author":[{"embeddable":true,"href":"https:\/\/revorn.art\/es\/wp-json\/wp\/v2\/users\/1"}],"replies":[{"embeddable":true,"href":"https:\/\/revorn.art\/es\/wp-json\/wp\/v2\/comments?post=16"}],"version-history":[{"count":5,"href":"https:\/\/revorn.art\/es\/wp-json\/wp\/v2\/pages\/16\/revisions"}],"predecessor-version":[{"id":3083,"href":"https:\/\/revorn.art\/es\/wp-json\/wp\/v2\/pages\/16\/revisions\/3083"}],"wp:attachment":[{"href":"https:\/\/revorn.art\/es\/wp-json\/wp\/v2\/media?parent=16"}],"curies":[{"name":"wp","href":"https:\/\/api.w.org\/{rel}","templated":true}]}}