{"id":18,"date":"2025-03-28T16:03:06","date_gmt":"2025-03-28T19:03:06","guid":{"rendered":"https:\/\/innovacon.simplificandotuweb.com\/?page_id=18"},"modified":"2025-06-17T10:47:11","modified_gmt":"2025-06-17T08:47:11","slug":"legal-notice","status":"publish","type":"page","link":"https:\/\/revorn.art\/es\/legal-notice\/","title":{"rendered":"Aviso legal"},"content":{"rendered":"<div data-elementor-type=\"wp-page\" data-elementor-id=\"18\" class=\"elementor elementor-18\" data-elementor-post-type=\"page\">\n\t\t\t\t<div class=\"elementor-element elementor-element-c4ab025 e-flex e-con-boxed e-con e-parent\" data-id=\"c4ab025\" data-element_type=\"container\" data-settings=\"{&quot;background_background&quot;:&quot;classic&quot;}\">\n\t\t\t\t\t<div class=\"e-con-inner\">\n\t\t\t\t\t<\/div>\n\t\t\t\t<\/div>\n\t\t<div class=\"elementor-element elementor-element-2bd1605 e-flex e-con-boxed e-con e-parent\" data-id=\"2bd1605\" data-element_type=\"container\" data-settings=\"{&quot;animation&quot;:&quot;none&quot;}\">\n\t\t\t\t\t<div class=\"e-con-inner\">\n\t\t<div class=\"elementor-element elementor-element-46bf435 e-con-full e-flex e-con e-child\" data-id=\"46bf435\" data-element_type=\"container\" data-settings=\"{&quot;sticky&quot;:&quot;top&quot;,&quot;sticky_offset&quot;:120,&quot;sticky_on&quot;:[&quot;desktop&quot;,&quot;tablet&quot;,&quot;mobile&quot;],&quot;sticky_effects_offset&quot;:0,&quot;sticky_anchor_link_offset&quot;:0}\">\n\t\t\t\t<div class=\"elementor-element elementor-element-9886a3e animated-slow elementor-invisible elementor-widget elementor-widget-heading\" data-id=\"9886a3e\" data-element_type=\"widget\" data-settings=\"{&quot;_animation&quot;:&quot;fadeInDown&quot;}\" data-widget_type=\"heading.default\">\n\t\t\t\t<div class=\"elementor-widget-container\">\n\t\t\t\t\t<h1 class=\"elementor-heading-title elementor-size-default\">Aviso legal<\/h1>\t\t\t\t<\/div>\n\t\t\t\t<\/div>\n\t\t\t\t<div class=\"elementor-element elementor-element-12a2959 animated-slow elementor-invisible elementor-widget elementor-widget-heading\" data-id=\"12a2959\" data-element_type=\"widget\" data-settings=\"{&quot;_animation&quot;:&quot;fadeInDown&quot;}\" data-widget_type=\"heading.default\">\n\t\t\t\t<div class=\"elementor-widget-container\">\n\t\t\t\t\t<span class=\"elementor-heading-title elementor-size-default\">REVORN ART BCN<\/span>\t\t\t\t<\/div>\n\t\t\t\t<\/div>\n\t\t\t\t<\/div>\n\t\t<div class=\"elementor-element elementor-element-c3c0149 e-con-full e-flex e-con e-child\" data-id=\"c3c0149\" data-element_type=\"container\">\n\t\t\t\t<div class=\"elementor-element elementor-element-c150b42 post-content elementor-widget elementor-widget-text-editor\" data-id=\"c150b42\" data-element_type=\"widget\" data-widget_type=\"text-editor.default\">\n\t\t\t\t<div class=\"elementor-widget-container\">\n\t\t\t\t\t\t\t\t\t<h3><b>Aviso legal<\/b><\/h3>\n<p>De conformidad con la Ley 34\/2002, de 11 de julio, de Servicios de la Sociedad de la Informaci\u00f3n y de Comercio Electr\u00f3nico, se informa al Usuario que el titular del sitio web www.revorn.art es operado por REVORN ART BCN SL y que los datos registrales de la empresa son los siguientes:<\/p>\n<p><strong>Identidad:<\/strong><\/p>\n<p>REVORN ART BCN SL \u2013 en adelante REVORN<br \/>N\u00famero de identificaci\u00f3n fiscal: B21831474<br \/>Direcci\u00f3n: Av. Can Pallas 8, 4\u00ba2\u00aa \u2013 08192 Sant Quirze del Vall\u00e8s (BCN)<br \/>Registro Mercantil: La empresa est\u00e1 inscrita en el Registro Mercantil de Barcelona.<br \/>Direcci\u00f3n de correo electr\u00f3nico: <a href=\"mailto:hello@revorn.art\">hola@revorn.art<\/a><\/p>\n<h3><b>1. Acceso al sitio web<\/b><\/h3>\n<p>El Aviso Legal regula el acceso y uso del sitio web por parte del Usuario y tiene como objetivo promocionar los productos de la empresa y permitir el acceso general a todos los usuarios de internet. El acceso y\/o uso del sitio web atribuye a quien lo utiliza la condici\u00f3n de Usuario y la aceptaci\u00f3n plena y sin reservas de todas y cada una de las Condiciones Generales, as\u00ed como de las Condiciones Particulares que, en su caso, rijan el uso del sitio web o de los servicios vinculados al mismo. El Usuario debe leer atentamente el Aviso Legal, la Pol\u00edtica de Privacidad y la Pol\u00edtica de Cookies al acceder al sitio web, ya que REVORN se reserva el derecho a realizar, en cualquier momento y sin previo aviso, cualquier cambio o actualizaci\u00f3n de los contenidos y servicios, de la disposici\u00f3n actual de acceso y uso y, en general, de cualquier elemento relativo al dise\u00f1o y configuraci\u00f3n del sitio web. Si no acepta estos T\u00e9rminos y Condiciones en su totalidad, deber\u00e1 dejar de usar este sitio inmediatamente.<\/p>\n<h3><b>2. Condiciones de uso<\/b><\/h3>\n<p>Los usuarios deben utilizar el sitio web con prudencia, as\u00ed como la informaci\u00f3n relacionada con los servicios y\/o actividades que se ofrecen en \u00e9l, con total sujeci\u00f3n a la normativa aplicable, la moral, las buenas costumbres generalmente aceptadas y el orden p\u00fablico, as\u00ed como a las condiciones de acceso y uso y dem\u00e1s t\u00e9rminos y condiciones incluidos en el sitio web. El usuario se compromete a abstenerse de utilizar el contenido del sitio web con fines il\u00edcitos, prohibidos en este texto, que lesionen los derechos e intereses adquiridos de terceros, o que de cualquier otra forma puedan da\u00f1ar, inutilizar, sobrecargar, deteriorar o impedir el uso normal del contenido por parte de otros usuarios o de cualquier otro usuario de Internet.<\/p>\n<h3><b>3. Uso del sitio web<\/b><\/h3>\n<p>En caso de incumplimiento de las condiciones mencionadas en el Aviso Legal, la Pol\u00edtica de Privacidad o la Pol\u00edtica de Cookies, REVORN se reserva el derecho de limitar, cancelar o denegar el acceso a su sitio web, adoptando cualquier medida t\u00e9cnica que considere necesaria. REVORN har\u00e1 todo lo posible para garantizar el correcto funcionamiento del sitio web, evitando o reparando errores, y manteniendo su contenido actualizado. No obstante, REVORN no garantiza la disponibilidad ni la continuidad del acceso al sitio web ni la ausencia de errores en su contenido.<\/p>\n<h3><b>4. Responsabilidad<\/b><\/h3>\n<p>El Usuario es el \u00fanico responsable del uso que pueda hacer de cualquier informaci\u00f3n o mecanismo del sitio. REVORN no se responsabiliza de ning\u00fan da\u00f1o al hardware o software del Usuario que pueda derivarse del acceso y la navegaci\u00f3n en el sitio web. Asimismo, no se responsabiliza de los da\u00f1os y perjuicios que puedan causarse a los sistemas inform\u00e1ticos ni de los causados por virus, hackers o ciberataques, fallos inform\u00e1ticos y de suministro el\u00e9ctrico, interrupciones, ausencia o fallos en las comunicaciones o en Internet. El Usuario ser\u00e1 responsable de los da\u00f1os y perjuicios que REVORN ART BCN SL pueda sufrir por el incumplimiento de cualquiera de las obligaciones a las que est\u00e1 sujeto a trav\u00e9s del presente Aviso Legal, la normativa aplicable y las Pol\u00edticas de Privacidad y Cookies.<\/p>\n<h3><b>5. Pol\u00edtica de enlaces (sitio web enlazado y sitio web enlazado)<\/b><\/h3>\n<p>Sitios web enlazados Los terceros que pretendan incluir un enlace a este sitio web en un sitio web diferente deben cumplir con la ley vigente y no pueden alojar contenido inapropiado, ilegal, pornogr\u00e1fico o violento, etc. REVORN no ser\u00e1 en ning\u00fan caso responsable del contenido del sitio web, ni promueve, asegura, supervisa ni recomienda el contenido del mismo. Si el sitio web enlazado no lleva a cabo alguno de los aspectos mencionados anteriormente, se ver\u00e1 obligado a eliminar el enlace a www.revorn.art inmediatamente. Sitios web enlazados Este sitio web puede incluir enlaces a sitios web pertenecientes a terceros que permiten el acceso a los Usuarios. Sin embargo, REVORN no se hace responsable del contenido de estos sitios web enlazados, en su lugar, el Usuario ser\u00e1 responsable de aceptar y comprobar los enlaces cada vez que navegue. El prop\u00f3sito de estos enlaces o notificaciones no implica el apoyo, aprobaci\u00f3n, comercializaci\u00f3n o cualquier tipo de relaci\u00f3n entre el sitio web www.revorn.art y las personas o instituciones propietarias de los sitios donde se puede encontrar.<\/p>\n<h3><b>6. Derechos de Propiedad Intelectual e Industrial sobre el Contenido del Sitio Web<\/b><\/h3>\n<p>REVORN ART BCN SL o sus licenciantes son titulares de todos los derechos de propiedad intelectual sobre el Contenido del Sitio Web, incluyendo todos los dise\u00f1os, bases de datos, programas inform\u00e1ticos subyacentes (incluidos los c\u00f3digos fuente), as\u00ed como los diferentes elementos incluidos en el sitio web (textos, im\u00e1genes, fotos, colores, etc.), estructura, orden, etc. Las marcas y nombres comerciales (\u00absignos distintivos\u00bb) son propiedad de REVORN o de sus licenciantes. El uso del sitio web por parte de los Usuarios no implica la cesi\u00f3n de ning\u00fan derecho de propiedad intelectual o industrial. El Usuario tiene terminantemente prohibido reproducir, copiar, distribuir, proporcionar o, de cualquier otra forma, comunicar p\u00fablicamente, transformar o modificar los contenidos o los signos distintivos, a menos que cuente con la autorizaci\u00f3n del titular de los derechos correspondientes o est\u00e9 legalmente permitido.<\/p>\n<h3><b>7. Publicidad<\/b><\/h3>\n<p>El sitio web puede albergar contenido publicitario o patrocinado. Los anunciantes o patrocinadores son los \u00fanicos responsables de garantizar que el material incluido en el sitio web cumpla con la legislaci\u00f3n aplicable en cada caso. REVORN no se responsabiliza de ning\u00fan error, omisi\u00f3n, inexactitud o irregularidad que pueda contener el contenido publicitario o patrocinado.<\/p>\n<h3><b>8. Ley aplicable<\/b><\/h3>\n<p>El Aviso Legal se regir\u00e1 e interpretar\u00e1 conforme a la legislaci\u00f3n espa\u00f1ola. En caso de controversia derivada del acceso al sitio web, las partes acuerdan someterse a la jurisdicci\u00f3n de los juzgados y tribunales competentes, de conformidad con la normativa de protecci\u00f3n de consumidores y usuarios.<\/p>\n<h3><b>9. Redes sociales<\/b><\/h3>\n<p>REVORN cuenta con perfiles en diferentes redes sociales para anunciar y publicar informaci\u00f3n sobre los servicios que presta a trav\u00e9s de su sitio web, interactuar con los usuarios y utilizar estas redes como canal de asistencia e interacci\u00f3n social. A continuaci\u00f3n, le proporcionamos enlaces a las pol\u00edticas de privacidad de las redes sociales donde REVORN ART BCN SL tiene un perfil activo:<\/p>\n<p>Facebook: <a href=\"https:\/\/www.facebook.com\/revornart\/\">https:\/\/www.facebook.com\/revornart\/<\/a><br \/>Instagram: <a href=\"https:\/\/www.instagram.com\/revorn.art\/\">https:\/\/www.instagram.com\/revorn.art\/<\/a><\/p>\t\t\t\t\t\t\t\t<\/div>\n\t\t\t\t<\/div>\n\t\t\t\t<\/div>\n\t\t\t\t\t<\/div>\n\t\t\t\t<\/div>\n\t\t\t\t<\/div>","protected":false},"excerpt":{"rendered":"<p>REVORN ART BCN Legal notice In accordance with Spanish Law No. 34\/2002 of July 11, 2002, concerning the Information Society Services and Electronic Commerce, the User is here informed that the holder of the website www.revorn.art is operated by REVORN ART BCN S.L. and that the company\u2019s registration details are as follows: Identity: REVORN ART [&hellip;]<\/p>","protected":false},"author":1,"featured_media":0,"parent":0,"menu_order":7,"comment_status":"closed","ping_status":"closed","template":"","meta":{"_acf_changed":false,"_monsterinsights_skip_tracking":false,"_monsterinsights_sitenote_active":false,"_monsterinsights_sitenote_note":"","_monsterinsights_sitenote_category":0,"footnotes":""},"class_list":["post-18","page","type-page","status-publish","hentry"],"acf":[],"yoast_head":"<!-- This site is optimized with the Yoast SEO plugin v25.3.1 - https:\/\/yoast.com\/wordpress\/plugins\/seo\/ -->\n<title>Legal Notice - REVORN ART TOWELS<\/title>\n<meta name=\"robots\" content=\"index, follow, max-snippet:-1, max-image-preview:large, max-video-preview:-1\" \/>\n<link rel=\"canonical\" href=\"https:\/\/revorn.art\/es\/legal-notice\/\" \/>\n<meta property=\"og:locale\" content=\"es_ES\" \/>\n<meta property=\"og:type\" content=\"article\" \/>\n<meta property=\"og:title\" content=\"Legal Notice - REVORN ART TOWELS\" \/>\n<meta property=\"og:description\" content=\"REVORN ART BCN Legal notice In accordance with Spanish Law No. 34\/2002 of July 11, 2002, concerning the Information Society Services and Electronic Commerce, the User is here informed that the holder of the website www.revorn.art is operated by REVORN ART BCN S.L. and that the company\u2019s registration details are as follows: Identity: REVORN ART [&hellip;]\" \/>\n<meta property=\"og:url\" content=\"https:\/\/revorn.art\/es\/legal-notice\/\" \/>\n<meta property=\"og:site_name\" content=\"REVORN ART TOWELS\" \/>\n<meta property=\"article:modified_time\" content=\"2025-06-17T08:47:11+00:00\" \/>\n<meta name=\"twitter:card\" content=\"summary_large_image\" \/>\n<meta name=\"twitter:label1\" content=\"Tiempo de lectura\" \/>\n\t<meta name=\"twitter:data1\" content=\"6 minutos\" \/>\n<script type=\"application\/ld+json\" class=\"yoast-schema-graph\">{\"@context\":\"https:\/\/schema.org\",\"@graph\":[{\"@type\":\"WebPage\",\"@id\":\"https:\/\/revorn.art\/legal-notice\/\",\"url\":\"https:\/\/revorn.art\/legal-notice\/\",\"name\":\"Legal Notice - REVORN ART TOWELS\",\"isPartOf\":{\"@id\":\"https:\/\/revorn.art\/#website\"},\"datePublished\":\"2025-03-28T19:03:06+00:00\",\"dateModified\":\"2025-06-17T08:47:11+00:00\",\"breadcrumb\":{\"@id\":\"https:\/\/revorn.art\/legal-notice\/#breadcrumb\"},\"inLanguage\":\"es\",\"potentialAction\":[{\"@type\":\"ReadAction\",\"target\":[\"https:\/\/revorn.art\/legal-notice\/\"]}]},{\"@type\":\"BreadcrumbList\",\"@id\":\"https:\/\/revorn.art\/legal-notice\/#breadcrumb\",\"itemListElement\":[{\"@type\":\"ListItem\",\"position\":1,\"name\":\"Home\",\"item\":\"https:\/\/revorn.art\/\"},{\"@type\":\"ListItem\",\"position\":2,\"name\":\"Legal Notice\"}]},{\"@type\":\"WebSite\",\"@id\":\"https:\/\/revorn.art\/#website\",\"url\":\"https:\/\/revorn.art\/\",\"name\":\"REVORN ART TOWELS\",\"description\":\"Art-Edition, Sustainable &amp; Technical Towels -  Made in Barcelona\",\"publisher\":{\"@id\":\"https:\/\/revorn.art\/#organization\"},\"potentialAction\":[{\"@type\":\"SearchAction\",\"target\":{\"@type\":\"EntryPoint\",\"urlTemplate\":\"https:\/\/revorn.art\/?s={search_term_string}\"},\"query-input\":{\"@type\":\"PropertyValueSpecification\",\"valueRequired\":true,\"valueName\":\"search_term_string\"}}],\"inLanguage\":\"es\"},{\"@type\":\"Organization\",\"@id\":\"https:\/\/revorn.art\/#organization\",\"name\":\"REVORN ART TOWELS\",\"url\":\"https:\/\/revorn.art\/\",\"logo\":{\"@type\":\"ImageObject\",\"inLanguage\":\"es\",\"@id\":\"https:\/\/revorn.art\/#\/schema\/logo\/image\/\",\"url\":\"https:\/\/revorn.art\/wp-content\/uploads\/2025\/05\/logo-revorn-1.png\",\"contentUrl\":\"https:\/\/revorn.art\/wp-content\/uploads\/2025\/05\/logo-revorn-1.png\",\"width\":919,\"height\":706,\"caption\":\"REVORN ART TOWELS\"},\"image\":{\"@id\":\"https:\/\/revorn.art\/#\/schema\/logo\/image\/\"}}]}<\/script>\n<!-- \/ Yoast SEO plugin. -->","yoast_head_json":{"title":"Legal Notice - REVORN ART TOWELS","robots":{"index":"index","follow":"follow","max-snippet":"max-snippet:-1","max-image-preview":"max-image-preview:large","max-video-preview":"max-video-preview:-1"},"canonical":"https:\/\/revorn.art\/es\/legal-notice\/","og_locale":"es_ES","og_type":"article","og_title":"Legal Notice - REVORN ART TOWELS","og_description":"REVORN ART BCN Legal notice In accordance with Spanish Law No. 34\/2002 of July 11, 2002, concerning the Information Society Services and Electronic Commerce, the User is here informed that the holder of the website www.revorn.art is operated by REVORN ART BCN S.L. and that the company\u2019s registration details are as follows: Identity: REVORN ART [&hellip;]","og_url":"https:\/\/revorn.art\/es\/legal-notice\/","og_site_name":"REVORN ART TOWELS","article_modified_time":"2025-06-17T08:47:11+00:00","twitter_card":"summary_large_image","twitter_misc":{"Tiempo de lectura":"6 minutos"},"schema":{"@context":"https:\/\/schema.org","@graph":[{"@type":"WebPage","@id":"https:\/\/revorn.art\/legal-notice\/","url":"https:\/\/revorn.art\/legal-notice\/","name":"Legal Notice - REVORN ART TOWELS","isPartOf":{"@id":"https:\/\/revorn.art\/#website"},"datePublished":"2025-03-28T19:03:06+00:00","dateModified":"2025-06-17T08:47:11+00:00","breadcrumb":{"@id":"https:\/\/revorn.art\/legal-notice\/#breadcrumb"},"inLanguage":"es","potentialAction":[{"@type":"ReadAction","target":["https:\/\/revorn.art\/legal-notice\/"]}]},{"@type":"BreadcrumbList","@id":"https:\/\/revorn.art\/legal-notice\/#breadcrumb","itemListElement":[{"@type":"ListItem","position":1,"name":"Home","item":"https:\/\/revorn.art\/"},{"@type":"ListItem","position":2,"name":"Legal Notice"}]},{"@type":"WebSite","@id":"https:\/\/revorn.art\/#website","url":"https:\/\/revorn.art\/","name":"REVORN ART TOWELS","description":"Art-Edition, Sustainable &amp; Technical Towels -  Made in Barcelona","publisher":{"@id":"https:\/\/revorn.art\/#organization"},"potentialAction":[{"@type":"SearchAction","target":{"@type":"EntryPoint","urlTemplate":"https:\/\/revorn.art\/?s={search_term_string}"},"query-input":{"@type":"PropertyValueSpecification","valueRequired":true,"valueName":"search_term_string"}}],"inLanguage":"es"},{"@type":"Organization","@id":"https:\/\/revorn.art\/#organization","name":"REVORN ART TOWELS","url":"https:\/\/revorn.art\/","logo":{"@type":"ImageObject","inLanguage":"es","@id":"https:\/\/revorn.art\/#\/schema\/logo\/image\/","url":"https:\/\/revorn.art\/wp-content\/uploads\/2025\/05\/logo-revorn-1.png","contentUrl":"https:\/\/revorn.art\/wp-content\/uploads\/2025\/05\/logo-revorn-1.png","width":919,"height":706,"caption":"REVORN ART TOWELS"},"image":{"@id":"https:\/\/revorn.art\/#\/schema\/logo\/image\/"}}]}},"_links":{"self":[{"href":"https:\/\/revorn.art\/es\/wp-json\/wp\/v2\/pages\/18","targetHints":{"allow":["GET"]}}],"collection":[{"href":"https:\/\/revorn.art\/es\/wp-json\/wp\/v2\/pages"}],"about":[{"href":"https:\/\/revorn.art\/es\/wp-json\/wp\/v2\/types\/page"}],"author":[{"embeddable":true,"href":"https:\/\/revorn.art\/es\/wp-json\/wp\/v2\/users\/1"}],"replies":[{"embeddable":true,"href":"https:\/\/revorn.art\/es\/wp-json\/wp\/v2\/comments?post=18"}],"version-history":[{"count":5,"href":"https:\/\/revorn.art\/es\/wp-json\/wp\/v2\/pages\/18\/revisions"}],"predecessor-version":[{"id":3015,"href":"https:\/\/revorn.art\/es\/wp-json\/wp\/v2\/pages\/18\/revisions\/3015"}],"wp:attachment":[{"href":"https:\/\/revorn.art\/es\/wp-json\/wp\/v2\/media?parent=18"}],"curies":[{"name":"wp","href":"https:\/\/api.w.org\/{rel}","templated":true}]}}