{"id":2365,"date":"2025-06-11T11:06:12","date_gmt":"2025-06-11T09:06:12","guid":{"rendered":"https:\/\/revorn.art\/?page_id=2365"},"modified":"2025-06-17T10:38:42","modified_gmt":"2025-06-17T08:38:42","slug":"returns-exchanges","status":"publish","type":"page","link":"https:\/\/revorn.art\/es\/returns-exchanges\/","title":{"rendered":"Devoluciones y cambios"},"content":{"rendered":"<div data-elementor-type=\"wp-page\" data-elementor-id=\"2365\" class=\"elementor elementor-2365\" data-elementor-post-type=\"page\">\n\t\t\t\t<div class=\"elementor-element elementor-element-2c2f5cd e-flex e-con-boxed e-con e-parent\" data-id=\"2c2f5cd\" data-element_type=\"container\" data-settings=\"{&quot;background_background&quot;:&quot;classic&quot;}\">\n\t\t\t\t\t<div class=\"e-con-inner\">\n\t\t\t\t\t<\/div>\n\t\t\t\t<\/div>\n\t\t<div class=\"elementor-element elementor-element-bb73386 e-flex e-con-boxed e-con e-parent\" data-id=\"bb73386\" data-element_type=\"container\" data-settings=\"{&quot;animation&quot;:&quot;none&quot;}\">\n\t\t\t\t\t<div class=\"e-con-inner\">\n\t\t<div class=\"elementor-element elementor-element-9353e71 e-con-full e-flex e-con e-child\" data-id=\"9353e71\" data-element_type=\"container\" data-settings=\"{&quot;sticky&quot;:&quot;top&quot;,&quot;sticky_offset&quot;:120,&quot;sticky_on&quot;:[&quot;desktop&quot;,&quot;tablet&quot;,&quot;mobile&quot;],&quot;sticky_effects_offset&quot;:0,&quot;sticky_anchor_link_offset&quot;:0}\">\n\t\t\t\t<div class=\"elementor-element elementor-element-8209955 animated-slow elementor-invisible elementor-widget elementor-widget-heading\" data-id=\"8209955\" data-element_type=\"widget\" data-settings=\"{&quot;_animation&quot;:&quot;fadeInDown&quot;}\" data-widget_type=\"heading.default\">\n\t\t\t\t<div class=\"elementor-widget-container\">\n\t\t\t\t\t<h1 class=\"elementor-heading-title elementor-size-default\">Devoluciones y cambios <\/h1>\t\t\t\t<\/div>\n\t\t\t\t<\/div>\n\t\t\t\t<div class=\"elementor-element elementor-element-99cd4b1 animated-slow elementor-invisible elementor-widget elementor-widget-heading\" data-id=\"99cd4b1\" data-element_type=\"widget\" data-settings=\"{&quot;_animation&quot;:&quot;fadeInDown&quot;}\" data-widget_type=\"heading.default\">\n\t\t\t\t<div class=\"elementor-widget-container\">\n\t\t\t\t\t<span class=\"elementor-heading-title elementor-size-default\">REVORN ART BCN<\/span>\t\t\t\t<\/div>\n\t\t\t\t<\/div>\n\t\t\t\t<\/div>\n\t\t<div class=\"elementor-element elementor-element-a216f57 e-con-full e-flex e-con e-child\" data-id=\"a216f57\" data-element_type=\"container\">\n\t\t\t\t<div class=\"elementor-element elementor-element-d61083d post-content elementor-widget elementor-widget-text-editor\" data-id=\"d61083d\" data-element_type=\"widget\" data-widget_type=\"text-editor.default\">\n\t\t\t\t<div class=\"elementor-widget-container\">\n\t\t\t\t\t\t\t\t\t<h3>Pol\u00edtica de reembolso<\/h3><p>Puede devolver su producto dentro de los 14 d\u00edas posteriores a su recepci\u00f3n. Los art\u00edculos deben devolverse nuevos, sin usar y en su embalaje original. Recibir\u00e1 su reembolso dentro de los diez d\u00edas posteriores a la llegada del producto a nuestro almac\u00e9n, utilizando el mismo m\u00e9todo de pago utilizado para su compra.<br \/>Los gastos de env\u00edo de devoluci\u00f3n y los derechos de aduana, en el caso de devoluciones internacionales, son responsabilidad del cliente.<\/p><p>Para obtener m\u00e1s informaci\u00f3n, consulte nuestros T\u00e9rminos y Condiciones Generales o cont\u00e1ctenos en <a href=\"mailto:hello@revorn.art\">hola@revorn.art<\/a>.<\/p><h3>C\u00f3mo devolver un producto:<\/h3><p>Si tiene una cuenta de usuario, puede solicitar una devoluci\u00f3n envi\u00e1ndonos un correo electr\u00f3nico a hello@revorn.art con su n\u00famero de pedido. Le enviaremos su n\u00famero de Autorizaci\u00f3n de Devoluci\u00f3n de Mercanc\u00eda (RMA) (no aceptamos devoluciones sin un n\u00famero de RMA).<\/p><p>Anote la cantidad de productos que desea devolver en la columna &quot;Cantidad de devoluci\u00f3n&quot; de la lista de empaque original. Por favor, ind\u00edquenos el motivo de su devoluci\u00f3n. \u00a1Gracias!<\/p><p>Incluya la lista de embalaje con toda la informaci\u00f3n necesaria dentro del paquete de devoluci\u00f3n.<br \/>Coloque la etiqueta de devoluci\u00f3n proporcionada en el paquete, asegur\u00e1ndose de que la etiqueta de env\u00edo original ya no est\u00e9 visible.<\/p><p>Lleva el paquete a la empresa de transporte de tu elecci\u00f3n y recuerda solicitar el recibo y el n\u00famero de seguimiento de tu devoluci\u00f3n.<\/p><p>Conserve el recibo y el n\u00famero de seguimiento para que podamos procesar su reembolso correctamente.<\/p><p>Procesaremos el reembolso dentro de los diez d\u00edas siguientes a la recepci\u00f3n de su devoluci\u00f3n en nuestro almac\u00e9n.<\/p><p>Tenga en cuenta que no ofrecemos devoluciones gratuitas: el env\u00edo de devoluci\u00f3n y los aranceles aduaneros (si corresponden) deben ser cubiertos por el cliente.<\/p>\t\t\t\t\t\t\t\t<\/div>\n\t\t\t\t<\/div>\n\t\t\t\t<\/div>\n\t\t\t\t\t<\/div>\n\t\t\t\t<\/div>\n\t\t\t\t<\/div>","protected":false},"excerpt":{"rendered":"<p>Returns &amp; Exchanges REVORN ART BCN Refund Policy You may return your product within 14 days of receiving it. Items must be returned new, unused, and in their original packaging. You will receive your refund within ten days of the product&#8217;s arrival at our warehouse, using the same payment method used for your purchase.Return shipping [&hellip;]<\/p>","protected":false},"author":1,"featured_media":0,"parent":0,"menu_order":2,"comment_status":"closed","ping_status":"closed","template":"","meta":{"_acf_changed":false,"_monsterinsights_skip_tracking":false,"_monsterinsights_sitenote_active":false,"_monsterinsights_sitenote_note":"","_monsterinsights_sitenote_category":0,"footnotes":""},"class_list":["post-2365","page","type-page","status-publish","hentry"],"acf":[],"yoast_head":"<!-- This site is optimized with the Yoast SEO plugin v25.3.1 - https:\/\/yoast.com\/wordpress\/plugins\/seo\/ -->\n<title>Returns &amp; Exchanges - REVORN ART TOWELS<\/title>\n<meta name=\"robots\" content=\"index, follow, max-snippet:-1, max-image-preview:large, max-video-preview:-1\" \/>\n<link rel=\"canonical\" href=\"https:\/\/revorn.art\/es\/returns-exchanges\/\" \/>\n<meta property=\"og:locale\" content=\"es_ES\" \/>\n<meta property=\"og:type\" content=\"article\" \/>\n<meta property=\"og:title\" content=\"Returns &amp; Exchanges - REVORN ART TOWELS\" \/>\n<meta property=\"og:description\" content=\"Returns &amp; Exchanges REVORN ART BCN Refund Policy You may return your product within 14 days of receiving it. Items must be returned new, unused, and in their original packaging. You will receive your refund within ten days of the product&#8217;s arrival at our warehouse, using the same payment method used for your purchase.Return shipping [&hellip;]\" \/>\n<meta property=\"og:url\" content=\"https:\/\/revorn.art\/es\/returns-exchanges\/\" \/>\n<meta property=\"og:site_name\" content=\"REVORN ART TOWELS\" \/>\n<meta property=\"article:modified_time\" content=\"2025-06-17T08:38:42+00:00\" \/>\n<meta name=\"twitter:card\" content=\"summary_large_image\" \/>\n<meta name=\"twitter:label1\" content=\"Tiempo de lectura\" \/>\n\t<meta name=\"twitter:data1\" content=\"1 minuto\" \/>\n<script type=\"application\/ld+json\" class=\"yoast-schema-graph\">{\"@context\":\"https:\/\/schema.org\",\"@graph\":[{\"@type\":\"WebPage\",\"@id\":\"https:\/\/revorn.art\/returns-exchanges\/\",\"url\":\"https:\/\/revorn.art\/returns-exchanges\/\",\"name\":\"Returns &amp; Exchanges - REVORN ART TOWELS\",\"isPartOf\":{\"@id\":\"https:\/\/revorn.art\/#website\"},\"datePublished\":\"2025-06-11T09:06:12+00:00\",\"dateModified\":\"2025-06-17T08:38:42+00:00\",\"breadcrumb\":{\"@id\":\"https:\/\/revorn.art\/returns-exchanges\/#breadcrumb\"},\"inLanguage\":\"es\",\"potentialAction\":[{\"@type\":\"ReadAction\",\"target\":[\"https:\/\/revorn.art\/returns-exchanges\/\"]}]},{\"@type\":\"BreadcrumbList\",\"@id\":\"https:\/\/revorn.art\/returns-exchanges\/#breadcrumb\",\"itemListElement\":[{\"@type\":\"ListItem\",\"position\":1,\"name\":\"Home\",\"item\":\"https:\/\/revorn.art\/\"},{\"@type\":\"ListItem\",\"position\":2,\"name\":\"Returns &amp; Exchanges\"}]},{\"@type\":\"WebSite\",\"@id\":\"https:\/\/revorn.art\/#website\",\"url\":\"https:\/\/revorn.art\/\",\"name\":\"REVORN ART TOWELS\",\"description\":\"Art-Edition, Sustainable &amp; Technical Towels -  Made in Barcelona\",\"publisher\":{\"@id\":\"https:\/\/revorn.art\/#organization\"},\"potentialAction\":[{\"@type\":\"SearchAction\",\"target\":{\"@type\":\"EntryPoint\",\"urlTemplate\":\"https:\/\/revorn.art\/?s={search_term_string}\"},\"query-input\":{\"@type\":\"PropertyValueSpecification\",\"valueRequired\":true,\"valueName\":\"search_term_string\"}}],\"inLanguage\":\"es\"},{\"@type\":\"Organization\",\"@id\":\"https:\/\/revorn.art\/#organization\",\"name\":\"REVORN ART TOWELS\",\"url\":\"https:\/\/revorn.art\/\",\"logo\":{\"@type\":\"ImageObject\",\"inLanguage\":\"es\",\"@id\":\"https:\/\/revorn.art\/#\/schema\/logo\/image\/\",\"url\":\"https:\/\/revorn.art\/wp-content\/uploads\/2025\/05\/logo-revorn-1.png\",\"contentUrl\":\"https:\/\/revorn.art\/wp-content\/uploads\/2025\/05\/logo-revorn-1.png\",\"width\":919,\"height\":706,\"caption\":\"REVORN ART TOWELS\"},\"image\":{\"@id\":\"https:\/\/revorn.art\/#\/schema\/logo\/image\/\"}}]}<\/script>\n<!-- \/ Yoast SEO plugin. -->","yoast_head_json":{"title":"Returns &amp; Exchanges - REVORN ART TOWELS","robots":{"index":"index","follow":"follow","max-snippet":"max-snippet:-1","max-image-preview":"max-image-preview:large","max-video-preview":"max-video-preview:-1"},"canonical":"https:\/\/revorn.art\/es\/returns-exchanges\/","og_locale":"es_ES","og_type":"article","og_title":"Returns &amp; Exchanges - REVORN ART TOWELS","og_description":"Returns &amp; Exchanges REVORN ART BCN Refund Policy You may return your product within 14 days of receiving it. Items must be returned new, unused, and in their original packaging. You will receive your refund within ten days of the product&#8217;s arrival at our warehouse, using the same payment method used for your purchase.Return shipping [&hellip;]","og_url":"https:\/\/revorn.art\/es\/returns-exchanges\/","og_site_name":"REVORN ART TOWELS","article_modified_time":"2025-06-17T08:38:42+00:00","twitter_card":"summary_large_image","twitter_misc":{"Tiempo de lectura":"1 minuto"},"schema":{"@context":"https:\/\/schema.org","@graph":[{"@type":"WebPage","@id":"https:\/\/revorn.art\/returns-exchanges\/","url":"https:\/\/revorn.art\/returns-exchanges\/","name":"Returns &amp; Exchanges - REVORN ART TOWELS","isPartOf":{"@id":"https:\/\/revorn.art\/#website"},"datePublished":"2025-06-11T09:06:12+00:00","dateModified":"2025-06-17T08:38:42+00:00","breadcrumb":{"@id":"https:\/\/revorn.art\/returns-exchanges\/#breadcrumb"},"inLanguage":"es","potentialAction":[{"@type":"ReadAction","target":["https:\/\/revorn.art\/returns-exchanges\/"]}]},{"@type":"BreadcrumbList","@id":"https:\/\/revorn.art\/returns-exchanges\/#breadcrumb","itemListElement":[{"@type":"ListItem","position":1,"name":"Home","item":"https:\/\/revorn.art\/"},{"@type":"ListItem","position":2,"name":"Returns &amp; Exchanges"}]},{"@type":"WebSite","@id":"https:\/\/revorn.art\/#website","url":"https:\/\/revorn.art\/","name":"REVORN ART TOWELS","description":"Art-Edition, Sustainable &amp; Technical Towels -  Made in Barcelona","publisher":{"@id":"https:\/\/revorn.art\/#organization"},"potentialAction":[{"@type":"SearchAction","target":{"@type":"EntryPoint","urlTemplate":"https:\/\/revorn.art\/?s={search_term_string}"},"query-input":{"@type":"PropertyValueSpecification","valueRequired":true,"valueName":"search_term_string"}}],"inLanguage":"es"},{"@type":"Organization","@id":"https:\/\/revorn.art\/#organization","name":"REVORN ART TOWELS","url":"https:\/\/revorn.art\/","logo":{"@type":"ImageObject","inLanguage":"es","@id":"https:\/\/revorn.art\/#\/schema\/logo\/image\/","url":"https:\/\/revorn.art\/wp-content\/uploads\/2025\/05\/logo-revorn-1.png","contentUrl":"https:\/\/revorn.art\/wp-content\/uploads\/2025\/05\/logo-revorn-1.png","width":919,"height":706,"caption":"REVORN ART TOWELS"},"image":{"@id":"https:\/\/revorn.art\/#\/schema\/logo\/image\/"}}]}},"_links":{"self":[{"href":"https:\/\/revorn.art\/es\/wp-json\/wp\/v2\/pages\/2365","targetHints":{"allow":["GET"]}}],"collection":[{"href":"https:\/\/revorn.art\/es\/wp-json\/wp\/v2\/pages"}],"about":[{"href":"https:\/\/revorn.art\/es\/wp-json\/wp\/v2\/types\/page"}],"author":[{"embeddable":true,"href":"https:\/\/revorn.art\/es\/wp-json\/wp\/v2\/users\/1"}],"replies":[{"embeddable":true,"href":"https:\/\/revorn.art\/es\/wp-json\/wp\/v2\/comments?post=2365"}],"version-history":[{"count":5,"href":"https:\/\/revorn.art\/es\/wp-json\/wp\/v2\/pages\/2365\/revisions"}],"predecessor-version":[{"id":3008,"href":"https:\/\/revorn.art\/es\/wp-json\/wp\/v2\/pages\/2365\/revisions\/3008"}],"wp:attachment":[{"href":"https:\/\/revorn.art\/es\/wp-json\/wp\/v2\/media?parent=2365"}],"curies":[{"name":"wp","href":"https:\/\/api.w.org\/{rel}","templated":true}]}}