{"id":2366,"date":"2025-06-11T11:05:58","date_gmt":"2025-06-11T09:05:58","guid":{"rendered":"https:\/\/revorn.art\/?page_id=2366"},"modified":"2025-06-19T16:13:06","modified_gmt":"2025-06-19T14:13:06","slug":"shipping","status":"publish","type":"page","link":"https:\/\/revorn.art\/es\/shipping\/","title":{"rendered":"Env\u00edo"},"content":{"rendered":"<div data-elementor-type=\"wp-page\" data-elementor-id=\"2366\" class=\"elementor elementor-2366\" data-elementor-post-type=\"page\">\n\t\t\t\t<div class=\"elementor-element elementor-element-998b17f e-flex e-con-boxed e-con e-parent\" data-id=\"998b17f\" data-element_type=\"container\" data-settings=\"{&quot;background_background&quot;:&quot;classic&quot;}\">\n\t\t\t\t\t<div class=\"e-con-inner\">\n\t\t\t\t\t<\/div>\n\t\t\t\t<\/div>\n\t\t<div class=\"elementor-element elementor-element-6a675ff e-flex e-con-boxed e-con e-parent\" data-id=\"6a675ff\" data-element_type=\"container\" data-settings=\"{&quot;animation&quot;:&quot;none&quot;}\">\n\t\t\t\t\t<div class=\"e-con-inner\">\n\t\t<div class=\"elementor-element elementor-element-cb6d6b5 e-con-full e-flex e-con e-child\" data-id=\"cb6d6b5\" data-element_type=\"container\">\n\t\t\t\t<div class=\"elementor-element elementor-element-fe5108b animated-slow elementor-invisible elementor-widget elementor-widget-heading\" data-id=\"fe5108b\" data-element_type=\"widget\" data-settings=\"{&quot;_animation&quot;:&quot;fadeInDown&quot;}\" data-widget_type=\"heading.default\">\n\t\t\t\t<div class=\"elementor-widget-container\">\n\t\t\t\t\t<h1 class=\"elementor-heading-title elementor-size-default\">Env\u00edo<\/h1>\t\t\t\t<\/div>\n\t\t\t\t<\/div>\n\t\t\t\t<div class=\"elementor-element elementor-element-43b218e animated-slow elementor-invisible elementor-widget elementor-widget-heading\" data-id=\"43b218e\" data-element_type=\"widget\" data-settings=\"{&quot;_animation&quot;:&quot;fadeInDown&quot;}\" data-widget_type=\"heading.default\">\n\t\t\t\t<div class=\"elementor-widget-container\">\n\t\t\t\t\t<span class=\"elementor-heading-title elementor-size-default\">REVORN ART BCN<\/span>\t\t\t\t<\/div>\n\t\t\t\t<\/div>\n\t\t\t\t<\/div>\n\t\t<div class=\"elementor-element elementor-element-b4576c1 e-con-full e-flex e-con e-child\" data-id=\"b4576c1\" data-element_type=\"container\">\n\t\t\t\t<div class=\"elementor-element elementor-element-1e59e9d post-content elementor-widget elementor-widget-text-editor\" data-id=\"1e59e9d\" data-element_type=\"widget\" data-widget_type=\"text-editor.default\">\n\t\t\t\t<div class=\"elementor-widget-container\">\n\t\t\t\t\t\t\t\t\t<p>Para ofrecerte la mejor opci\u00f3n para cada env\u00edo, seleccionamos el servicio de mensajer\u00eda (UPS, FedEx, TNT, etc.) en funci\u00f3n del peso, pa\u00eds de destino y tipo de servicio requerido.<\/p><p><strong>ESPA\u00d1A<\/strong><br \/><strong>Plazos de entrega:<\/strong><\/p><ul><li>Espa\u00f1a Peninsular: Entrega en 1-2 d\u00edas laborables.<\/li><li>Islas Baleares: Palma 24\u201348h; Islas menores 3\u20134 d\u00edas laborables.<\/li><li>Ceuta, Melilla y Canarias: Entrega en 2-5 d\u00edas laborables.<\/li><\/ul><p>Todos los env\u00edos son gestionados por <strong>MBE Arco de Triunfo (Barcelona)<\/strong>, utilizando empresas de mensajer\u00eda internacionales l\u00edderes.<\/p><p><strong>UNI\u00d3N EUROPEA<\/strong><br \/><strong>Plazos de entrega (2\u20135 d\u00edas laborables):<\/strong><\/p><ul><li>B\u00e9lgica, Francia, Alemania, Pa\u00edses Bajos, Austria, Italia, Luxemburgo, Portugal: 2\u20134 d\u00edas laborables.<\/li><li>Resto de la UE y Europa en general: 3\u20135 d\u00edas h\u00e1biles.<\/li><\/ul><p>Todos los env\u00edos son gestionados por <strong>MBE Arco de Triunfo (Barcelona)<\/strong>, utilizando empresas de mensajer\u00eda internacionales l\u00edderes.<\/p><p><strong>INTERNACIONAL<\/strong><br \/><strong>Plazos de entrega:<\/strong><\/p><ul><li>Estados Unidos y Canad\u00e1: Entrega en 5 a 6 d\u00edas h\u00e1biles.<\/li><li>Resto del mundo: Entrega en 6-7 d\u00edas laborables.<\/li><\/ul><p>Todos los env\u00edos son gestionados por <strong>MBE Arco del Triunfo<\/strong>, utilizando empresas de mensajer\u00eda internacionales l\u00edderes.<\/p><p><b>Para cualquier problema relacionado con el env\u00edo, comun\u00edquese con el servicio de atenci\u00f3n al cliente de MBE Mailbox Delivery:<\/b><\/p><p><b>Tel\u00e9fono:<\/b><span style=\"font-weight: 400;\"> +34 935 416 653<br \/><\/span><b>WhatsApp:<\/b><span style=\"font-weight: 400;\"> +34 656 514 700<br \/><\/span><b>Correo electr\u00f3nico:<\/b><span style=\"font-weight: 400;\"> mbe2559@mbe.es<\/span><\/p>\t\t\t\t\t\t\t\t<\/div>\n\t\t\t\t<\/div>\n\t\t\t\t<\/div>\n\t\t\t\t\t<\/div>\n\t\t\t\t<\/div>\n\t\t\t\t<\/div>","protected":false},"excerpt":{"rendered":"<p>Shipping REVORN ART BCN To offer you the best option for each shipment, we select the courier service (UPS, FedEx, TNT, etc.) based on the weight, destination country, and type of service required. SPAINDelivery times: Mainland Spain: Delivery within 1\u20132 business days. Balearic Islands: Palma 24\u201348h; Minor islands 3\u20134 business days. Ceuta, Melilla, and Canary [&hellip;]<\/p>","protected":false},"author":1,"featured_media":0,"parent":0,"menu_order":3,"comment_status":"closed","ping_status":"closed","template":"","meta":{"_acf_changed":false,"_monsterinsights_skip_tracking":false,"_monsterinsights_sitenote_active":false,"_monsterinsights_sitenote_note":"","_monsterinsights_sitenote_category":0,"footnotes":""},"class_list":["post-2366","page","type-page","status-publish","hentry"],"acf":[],"yoast_head":"<!-- This site is optimized with the Yoast SEO plugin v25.3.1 - https:\/\/yoast.com\/wordpress\/plugins\/seo\/ -->\n<title>Shipping - REVORN ART TOWELS<\/title>\n<meta name=\"robots\" content=\"index, follow, max-snippet:-1, max-image-preview:large, max-video-preview:-1\" \/>\n<link rel=\"canonical\" href=\"https:\/\/revorn.art\/es\/shipping\/\" \/>\n<meta property=\"og:locale\" content=\"es_ES\" \/>\n<meta property=\"og:type\" content=\"article\" \/>\n<meta property=\"og:title\" content=\"Shipping - REVORN ART TOWELS\" \/>\n<meta property=\"og:description\" content=\"Shipping REVORN ART BCN To offer you the best option for each shipment, we select the courier service (UPS, FedEx, TNT, etc.) based on the weight, destination country, and type of service required. SPAINDelivery times: Mainland Spain: Delivery within 1\u20132 business days. Balearic Islands: Palma 24\u201348h; Minor islands 3\u20134 business days. Ceuta, Melilla, and Canary [&hellip;]\" \/>\n<meta property=\"og:url\" content=\"https:\/\/revorn.art\/es\/shipping\/\" \/>\n<meta property=\"og:site_name\" content=\"REVORN ART TOWELS\" \/>\n<meta property=\"article:modified_time\" content=\"2025-06-19T14:13:06+00:00\" \/>\n<meta name=\"twitter:card\" content=\"summary_large_image\" \/>\n<meta name=\"twitter:label1\" content=\"Tiempo de lectura\" \/>\n\t<meta name=\"twitter:data1\" content=\"1 minuto\" \/>\n<script type=\"application\/ld+json\" class=\"yoast-schema-graph\">{\"@context\":\"https:\/\/schema.org\",\"@graph\":[{\"@type\":\"WebPage\",\"@id\":\"https:\/\/revorn.art\/shipping\/\",\"url\":\"https:\/\/revorn.art\/shipping\/\",\"name\":\"Shipping - REVORN ART TOWELS\",\"isPartOf\":{\"@id\":\"https:\/\/revorn.art\/#website\"},\"datePublished\":\"2025-06-11T09:05:58+00:00\",\"dateModified\":\"2025-06-19T14:13:06+00:00\",\"breadcrumb\":{\"@id\":\"https:\/\/revorn.art\/shipping\/#breadcrumb\"},\"inLanguage\":\"es\",\"potentialAction\":[{\"@type\":\"ReadAction\",\"target\":[\"https:\/\/revorn.art\/shipping\/\"]}]},{\"@type\":\"BreadcrumbList\",\"@id\":\"https:\/\/revorn.art\/shipping\/#breadcrumb\",\"itemListElement\":[{\"@type\":\"ListItem\",\"position\":1,\"name\":\"Home\",\"item\":\"https:\/\/revorn.art\/\"},{\"@type\":\"ListItem\",\"position\":2,\"name\":\"Shipping\"}]},{\"@type\":\"WebSite\",\"@id\":\"https:\/\/revorn.art\/#website\",\"url\":\"https:\/\/revorn.art\/\",\"name\":\"REVORN ART TOWELS\",\"description\":\"Art-Edition, Sustainable &amp; Technical Towels -  Made in Barcelona\",\"publisher\":{\"@id\":\"https:\/\/revorn.art\/#organization\"},\"potentialAction\":[{\"@type\":\"SearchAction\",\"target\":{\"@type\":\"EntryPoint\",\"urlTemplate\":\"https:\/\/revorn.art\/?s={search_term_string}\"},\"query-input\":{\"@type\":\"PropertyValueSpecification\",\"valueRequired\":true,\"valueName\":\"search_term_string\"}}],\"inLanguage\":\"es\"},{\"@type\":\"Organization\",\"@id\":\"https:\/\/revorn.art\/#organization\",\"name\":\"REVORN ART TOWELS\",\"url\":\"https:\/\/revorn.art\/\",\"logo\":{\"@type\":\"ImageObject\",\"inLanguage\":\"es\",\"@id\":\"https:\/\/revorn.art\/#\/schema\/logo\/image\/\",\"url\":\"https:\/\/revorn.art\/wp-content\/uploads\/2025\/05\/logo-revorn-1.png\",\"contentUrl\":\"https:\/\/revorn.art\/wp-content\/uploads\/2025\/05\/logo-revorn-1.png\",\"width\":919,\"height\":706,\"caption\":\"REVORN ART TOWELS\"},\"image\":{\"@id\":\"https:\/\/revorn.art\/#\/schema\/logo\/image\/\"}}]}<\/script>\n<!-- \/ Yoast SEO plugin. -->","yoast_head_json":{"title":"Shipping - REVORN ART TOWELS","robots":{"index":"index","follow":"follow","max-snippet":"max-snippet:-1","max-image-preview":"max-image-preview:large","max-video-preview":"max-video-preview:-1"},"canonical":"https:\/\/revorn.art\/es\/shipping\/","og_locale":"es_ES","og_type":"article","og_title":"Shipping - REVORN ART TOWELS","og_description":"Shipping REVORN ART BCN To offer you the best option for each shipment, we select the courier service (UPS, FedEx, TNT, etc.) based on the weight, destination country, and type of service required. SPAINDelivery times: Mainland Spain: Delivery within 1\u20132 business days. Balearic Islands: Palma 24\u201348h; Minor islands 3\u20134 business days. Ceuta, Melilla, and Canary [&hellip;]","og_url":"https:\/\/revorn.art\/es\/shipping\/","og_site_name":"REVORN ART TOWELS","article_modified_time":"2025-06-19T14:13:06+00:00","twitter_card":"summary_large_image","twitter_misc":{"Tiempo de lectura":"1 minuto"},"schema":{"@context":"https:\/\/schema.org","@graph":[{"@type":"WebPage","@id":"https:\/\/revorn.art\/shipping\/","url":"https:\/\/revorn.art\/shipping\/","name":"Shipping - REVORN ART TOWELS","isPartOf":{"@id":"https:\/\/revorn.art\/#website"},"datePublished":"2025-06-11T09:05:58+00:00","dateModified":"2025-06-19T14:13:06+00:00","breadcrumb":{"@id":"https:\/\/revorn.art\/shipping\/#breadcrumb"},"inLanguage":"es","potentialAction":[{"@type":"ReadAction","target":["https:\/\/revorn.art\/shipping\/"]}]},{"@type":"BreadcrumbList","@id":"https:\/\/revorn.art\/shipping\/#breadcrumb","itemListElement":[{"@type":"ListItem","position":1,"name":"Home","item":"https:\/\/revorn.art\/"},{"@type":"ListItem","position":2,"name":"Shipping"}]},{"@type":"WebSite","@id":"https:\/\/revorn.art\/#website","url":"https:\/\/revorn.art\/","name":"REVORN ART TOWELS","description":"Art-Edition, Sustainable &amp; Technical Towels -  Made in Barcelona","publisher":{"@id":"https:\/\/revorn.art\/#organization"},"potentialAction":[{"@type":"SearchAction","target":{"@type":"EntryPoint","urlTemplate":"https:\/\/revorn.art\/?s={search_term_string}"},"query-input":{"@type":"PropertyValueSpecification","valueRequired":true,"valueName":"search_term_string"}}],"inLanguage":"es"},{"@type":"Organization","@id":"https:\/\/revorn.art\/#organization","name":"REVORN ART TOWELS","url":"https:\/\/revorn.art\/","logo":{"@type":"ImageObject","inLanguage":"es","@id":"https:\/\/revorn.art\/#\/schema\/logo\/image\/","url":"https:\/\/revorn.art\/wp-content\/uploads\/2025\/05\/logo-revorn-1.png","contentUrl":"https:\/\/revorn.art\/wp-content\/uploads\/2025\/05\/logo-revorn-1.png","width":919,"height":706,"caption":"REVORN ART TOWELS"},"image":{"@id":"https:\/\/revorn.art\/#\/schema\/logo\/image\/"}}]}},"_links":{"self":[{"href":"https:\/\/revorn.art\/es\/wp-json\/wp\/v2\/pages\/2366","targetHints":{"allow":["GET"]}}],"collection":[{"href":"https:\/\/revorn.art\/es\/wp-json\/wp\/v2\/pages"}],"about":[{"href":"https:\/\/revorn.art\/es\/wp-json\/wp\/v2\/types\/page"}],"author":[{"embeddable":true,"href":"https:\/\/revorn.art\/es\/wp-json\/wp\/v2\/users\/1"}],"replies":[{"embeddable":true,"href":"https:\/\/revorn.art\/es\/wp-json\/wp\/v2\/comments?post=2366"}],"version-history":[{"count":5,"href":"https:\/\/revorn.art\/es\/wp-json\/wp\/v2\/pages\/2366\/revisions"}],"predecessor-version":[{"id":3412,"href":"https:\/\/revorn.art\/es\/wp-json\/wp\/v2\/pages\/2366\/revisions\/3412"}],"wp:attachment":[{"href":"https:\/\/revorn.art\/es\/wp-json\/wp\/v2\/media?parent=2366"}],"curies":[{"name":"wp","href":"https:\/\/api.w.org\/{rel}","templated":true}]}}