{"id":245,"date":"2025-05-13T18:11:08","date_gmt":"2025-05-13T16:11:08","guid":{"rendered":"https:\/\/revorn.art\/?page_id=245"},"modified":"2025-06-27T12:03:44","modified_gmt":"2025-06-27T10:03:44","slug":"consciousness","status":"publish","type":"page","link":"https:\/\/revorn.art\/es\/consciousness\/","title":{"rendered":"SOSTENIBILIDAD"},"content":{"rendered":"<div data-elementor-type=\"wp-page\" data-elementor-id=\"245\" class=\"elementor elementor-245\" data-elementor-post-type=\"page\">\n\t\t\t\t<div class=\"elementor-element elementor-element-a00fc3e e-con-full hero-image- e-flex e-con e-child\" data-id=\"a00fc3e\" data-element_type=\"container\" data-settings=\"{&quot;background_background&quot;:&quot;classic&quot;,&quot;background_motion_fx_motion_fx_scrolling&quot;:&quot;yes&quot;,&quot;background_motion_fx_translateY_effect&quot;:&quot;yes&quot;,&quot;background_motion_fx_translateY_speed&quot;:{&quot;unit&quot;:&quot;px&quot;,&quot;size&quot;:4,&quot;sizes&quot;:[]},&quot;background_motion_fx_translateY_affectedRange&quot;:{&quot;unit&quot;:&quot;%&quot;,&quot;size&quot;:&quot;&quot;,&quot;sizes&quot;:{&quot;start&quot;:0,&quot;end&quot;:100}},&quot;background_motion_fx_devices&quot;:[&quot;desktop&quot;,&quot;tablet&quot;,&quot;mobile&quot;]}\">\n\t\t<div class=\"elementor-element elementor-element-c19847f e-con-full e-flex e-con e-child\" data-id=\"c19847f\" data-element_type=\"container\">\n\t\t\t\t<div class=\"elementor-element elementor-element-70da362 elementor-widget elementor-widget-heading\" data-id=\"70da362\" data-element_type=\"widget\" data-widget_type=\"heading.default\">\n\t\t\t\t<div class=\"elementor-widget-container\">\n\t\t\t\t\t<h1 class=\"elementor-heading-title elementor-size-default\">SOSTENIBILIDAD<\/h1>\t\t\t\t<\/div>\n\t\t\t\t<\/div>\n\t\t\t\t<\/div>\n\t\t\t\t<\/div>\n\t\t<div class=\"elementor-element elementor-element-ea5055e e-flex e-con-boxed e-con e-parent\" data-id=\"ea5055e\" data-element_type=\"container\" data-settings=\"{&quot;animation&quot;:&quot;none&quot;}\">\n\t\t\t\t\t<div class=\"e-con-inner\">\n\t\t<div class=\"elementor-element elementor-element-967d8b0 e-con-full e-flex e-con e-child\" data-id=\"967d8b0\" data-element_type=\"container\">\n\t\t\t\t<div class=\"elementor-element elementor-element-a75cf5b post-content elementor-widget elementor-widget-text-editor\" data-id=\"a75cf5b\" data-element_type=\"widget\" data-widget_type=\"text-editor.default\">\n\t\t\t\t<div class=\"elementor-widget-container\">\n\t\t\t\t\t\t\t\t\t<h2><strong>HACEMOS TODO LO POSIBLE PARA REDUCIR LA HUELLA DE CARBONO \u2013 HECHO EN BARCELONA<\/strong><\/h2><p>En REVORN ART, creemos que la sostenibilidad no es una moda, sino una responsabilidad. Desde los materiales que elegimos hasta nuestra forma de producci\u00f3n, no somos perfectos, pero estudiamos cuidadosamente cada detalle para minimizar nuestro impacto ambiental e inspirar una vida consciente.<\/p><p>Creamos productos textiles no estacionales, unisex y sin tallas: piezas atemporales e inclusivas que rompen con los ciclos derrochadores de la moda r\u00e1pida, la sobreproducci\u00f3n y los talles basados en tendencias.<\/p><h3><strong>C\u00d3MO REDUCIMOS NUESTRA HUELLA DE CARBONO<\/strong><\/h3><p><strong>1. <\/strong>Materiales sostenibles<br \/>Utilizamos microfibra reciclada (rPET) fabricada a partir de residuos posconsumo, dando una segunda vida a materiales que, de otro modo, contaminar\u00edan nuestros oc\u00e9anos y vertederos. Todas nuestras toallas cuentan con la certificaci\u00f3n RCS y se producen \u00e9ticamente en Barcelona.<\/p><p><strong>2. <\/strong>PIENSA GLOBALMENTE, ACT\u00daA LOCALMENTE: Log\u00edstica ecol\u00f3gica y fabricaci\u00f3n local<br \/>Trabajamos exclusivamente con un fabricante local de confianza. Esta cadena de suministro corta y transparente nos permite reducir dr\u00e1sticamente las emisiones del transporte, a la vez que apoyamos la econom\u00eda circular y a las comunidades artesanales locales.<\/p><p><strong>3. <\/strong>Reducci\u00f3n de residuos y econom\u00eda circular<br \/>Nuestras toallas est\u00e1n confeccionadas con tejido t\u00e9cnico duradero y de alta resistencia, dise\u00f1adas para resistir a\u00f1os de aventura. Cada una viene en una bolsa reutilizable que tambi\u00e9n funciona como bolso, perfecta para la playa, la monta\u00f1a o el d\u00eda a d\u00eda.<br \/>Minimizamos el exceso de etiquetado imprimiendo informaci\u00f3n esencial del producto directamente en la toalla, e incluso la etiqueta de composici\u00f3n cosida est\u00e1 hecha de rPET reciclado.<\/p><p><strong>4. <\/strong>Innovaci\u00f3n para la sostenibilidad<br \/>Exploramos constantemente nuevos materiales y procesos ecol\u00f3gicos, integrando la innovaci\u00f3n sustentable en cada capa del desarrollo de nuestros productos.<\/p><h3><strong>ARTE CON PROP\u00d3SITO<\/strong><\/h3><p>Nuestra misi\u00f3n va m\u00e1s all\u00e1 de la funcionalidad. Usamos el poder del arte para crear conciencia, colaborando con artistas contempor\u00e1neos que comparten nuestros valores.<br \/>Tambi\u00e9n nos complace anunciar una pr\u00f3xima colaboraci\u00f3n con una organizaci\u00f3n de limpieza de pl\u00e1sticos del Mediterr\u00e1neo, un proyecto que revelaremos muy pronto. \u00a1Est\u00e9n atentos!<br \/>Cada toalla REVORN es una pieza coleccionable de arte funcional, orgullosamente fabricada en Barcelona, dise\u00f1ada con un prop\u00f3sito y lista para viajar contigo por el mundo.<\/p>\t\t\t\t\t\t\t\t<\/div>\n\t\t\t\t<\/div>\n\t\t\t\t<\/div>\n\t\t<div class=\"elementor-element elementor-element-0003c12 e-con-full e-flex e-con e-child\" data-id=\"0003c12\" data-element_type=\"container\" data-settings=\"{&quot;sticky&quot;:&quot;top&quot;,&quot;sticky_offset&quot;:140,&quot;sticky_parent&quot;:&quot;yes&quot;,&quot;sticky_on&quot;:[&quot;desktop&quot;,&quot;tablet&quot;,&quot;mobile&quot;],&quot;sticky_effects_offset&quot;:0,&quot;sticky_anchor_link_offset&quot;:0}\">\n\t\t\t\t<div class=\"elementor-element elementor-element-47929d9 elementor-widget elementor-widget-image\" data-id=\"47929d9\" data-element_type=\"widget\" data-settings=\"{&quot;motion_fx_motion_fx_scrolling&quot;:&quot;yes&quot;,&quot;motion_fx_translateX_effect&quot;:&quot;yes&quot;,&quot;motion_fx_translateX_direction&quot;:&quot;negative&quot;,&quot;motion_fx_translateX_affectedRange&quot;:{&quot;unit&quot;:&quot;%&quot;,&quot;size&quot;:&quot;&quot;,&quot;sizes&quot;:{&quot;start&quot;:0,&quot;end&quot;:50}},&quot;motion_fx_translateX_speed&quot;:{&quot;unit&quot;:&quot;px&quot;,&quot;size&quot;:4,&quot;sizes&quot;:[]},&quot;motion_fx_devices&quot;:[&quot;desktop&quot;,&quot;tablet&quot;,&quot;mobile&quot;]}\" data-widget_type=\"image.default\">\n\t\t\t\t<div class=\"elementor-widget-container\">\n\t\t\t\t\t\t\t\t\t\t\t\t\t\t\t<img fetchpriority=\"high\" decoding=\"async\" width=\"800\" height=\"882\" src=\"https:\/\/revorn.art\/wp-content\/uploads\/2025\/05\/think-green.png\" class=\"attachment-large size-large wp-image-2064\" alt=\"\" srcset=\"https:\/\/revorn.art\/wp-content\/uploads\/2025\/05\/think-green.png 900w, https:\/\/revorn.art\/wp-content\/uploads\/2025\/05\/think-green-272x300.png 272w, https:\/\/revorn.art\/wp-content\/uploads\/2025\/05\/think-green-768x847.png 768w, https:\/\/revorn.art\/wp-content\/uploads\/2025\/05\/think-green-600x661.png 600w\" sizes=\"(max-width: 800px) 100vw, 800px\" \/>\t\t\t\t\t\t\t\t\t\t\t\t\t\t\t<\/div>\n\t\t\t\t<\/div>\n\t\t\t\t<\/div>\n\t\t\t\t\t<\/div>\n\t\t\t\t<\/div>\n\t\t<div class=\"elementor-element elementor-element-3dc3e5b e-flex e-con-boxed e-con e-parent\" data-id=\"3dc3e5b\" data-element_type=\"container\" data-settings=\"{&quot;background_background&quot;:&quot;classic&quot;}\">\n\t\t\t\t\t<div class=\"e-con-inner\">\n\t\t<div class=\"elementor-element elementor-element-a034c54 animated-slow e-con-full e-flex elementor-invisible e-con e-child\" data-id=\"a034c54\" data-element_type=\"container\" data-settings=\"{&quot;animation&quot;:&quot;fadeInUp&quot;}\">\n\t\t\t\t<div class=\"elementor-element elementor-element-9ab8c80 animated-slow elementor-invisible elementor-widget elementor-widget-heading\" data-id=\"9ab8c80\" data-element_type=\"widget\" data-settings=\"{&quot;_animation&quot;:&quot;fadeInDown&quot;}\" data-widget_type=\"heading.default\">\n\t\t\t\t<div class=\"elementor-widget-container\">\n\t\t\t\t\t<h2 class=\"elementor-heading-title elementor-size-default\">Toallas con actitud y cultura hechas para quienes exploran<\/h2>\t\t\t\t<\/div>\n\t\t\t\t<\/div>\n\t\t\t\t<div class=\"elementor-element elementor-element-ca9e83e elementor-widget__width-initial elementor-widget-mobile__width-inherit elementor-widget elementor-widget-text-editor\" data-id=\"ca9e83e\" data-element_type=\"widget\" data-widget_type=\"text-editor.default\">\n\t\t\t\t<div class=\"elementor-widget-container\">\n\t\t\t\t\t\t\t\t\t<p>Ya sea surfeando olas, caminando por senderos o vagando por tierras desconocidas; REVORN Art-Editions se mueve contigo, dando vida a la cultura funcional a trav\u00e9s de tus aventuras cotidianas.<\/p>\t\t\t\t\t\t\t\t<\/div>\n\t\t\t\t<\/div>\n\t\t\t\t<div class=\"elementor-element elementor-element-abdcf5c elementor-widget__width-auto animated-slow elementor-mobile-align-center elementor-invisible elementor-widget elementor-widget-button\" data-id=\"abdcf5c\" data-element_type=\"widget\" data-settings=\"{&quot;_animation&quot;:&quot;fadeInUp&quot;}\" data-widget_type=\"button.default\">\n\t\t\t\t<div class=\"elementor-widget-container\">\n\t\t\t\t\t\t\t\t\t<div class=\"elementor-button-wrapper\">\n\t\t\t\t\t<a class=\"elementor-button elementor-button-link elementor-size-sm elementor-animation-float\" href=\"\/es\/quick-dry-towels\/\">\n\t\t\t\t\t\t<span class=\"elementor-button-content-wrapper\">\n\t\t\t\t\t\t\t\t\t<span class=\"elementor-button-text\">Ver todo<\/span>\n\t\t\t\t\t<\/span>\n\t\t\t\t\t<\/a>\n\t\t\t\t<\/div>\n\t\t\t\t\t\t\t\t<\/div>\n\t\t\t\t<\/div>\n\t\t\t\t<\/div>\n\t\t\t\t\t<\/div>\n\t\t\t\t<\/div>\n\t\t<div class=\"elementor-element elementor-element-81ecd3d e-flex e-con-boxed e-con e-parent\" data-id=\"81ecd3d\" data-element_type=\"container\">\n\t\t\t\t\t<div class=\"e-con-inner\">\n\t\t\t\t\t<\/div>\n\t\t\t\t<\/div>\n\t\t\t\t<\/div>","protected":false},"excerpt":{"rendered":"<p>CONSCIOUSNESS WE DO OUR BEST TO REDUCE THE CARBON FOOTPRINT \u2013 MADE IN BARCELONA At REVORN ART, we believe sustainability isn\u2019t a trend \u2014 it\u2019s a responsibility. From the materials we choose to the way we produce, we are not perfect, but we carefully study every detail to minimize our environmental impact and inspire conscious [&hellip;]<\/p>","protected":false},"author":1,"featured_media":3738,"parent":0,"menu_order":9,"comment_status":"closed","ping_status":"closed","template":"","meta":{"_acf_changed":false,"_monsterinsights_skip_tracking":false,"_monsterinsights_sitenote_active":false,"_monsterinsights_sitenote_note":"","_monsterinsights_sitenote_category":0,"footnotes":""},"class_list":["post-245","page","type-page","status-publish","has-post-thumbnail","hentry"],"acf":[],"yoast_head":"<!-- This site is optimized with the Yoast SEO plugin v25.3.1 - https:\/\/yoast.com\/wordpress\/plugins\/seo\/ -->\n<title>CONSCIOUSNESS - REVORN ART TOWELS<\/title>\n<meta name=\"robots\" content=\"index, follow, max-snippet:-1, max-image-preview:large, max-video-preview:-1\" \/>\n<link rel=\"canonical\" href=\"https:\/\/revorn.art\/es\/consciousness\/\" \/>\n<meta property=\"og:locale\" content=\"es_ES\" \/>\n<meta property=\"og:type\" content=\"article\" \/>\n<meta property=\"og:title\" content=\"CONSCIOUSNESS - REVORN ART TOWELS\" \/>\n<meta property=\"og:description\" content=\"CONSCIOUSNESS WE DO OUR BEST TO REDUCE THE CARBON FOOTPRINT \u2013 MADE IN BARCELONA At REVORN ART, we believe sustainability isn\u2019t a trend \u2014 it\u2019s a responsibility. From the materials we choose to the way we produce, we are not perfect, but we carefully study every detail to minimize our environmental impact and inspire conscious [&hellip;]\" \/>\n<meta property=\"og:url\" content=\"https:\/\/revorn.art\/es\/consciousness\/\" \/>\n<meta property=\"og:site_name\" content=\"REVORN ART TOWELS\" \/>\n<meta property=\"article:modified_time\" content=\"2025-06-27T10:03:44+00:00\" \/>\n<meta property=\"og:image\" content=\"https:\/\/revorn.art\/wp-content\/uploads\/2025\/06\/DSC7085_baja.jpg\" \/>\n\t<meta property=\"og:image:width\" content=\"4000\" \/>\n\t<meta property=\"og:image:height\" content=\"5000\" \/>\n\t<meta property=\"og:image:type\" content=\"image\/jpeg\" \/>\n<meta name=\"twitter:card\" content=\"summary_large_image\" \/>\n<meta name=\"twitter:label1\" content=\"Tiempo de lectura\" \/>\n\t<meta name=\"twitter:data1\" content=\"2 minutos\" \/>\n<script type=\"application\/ld+json\" class=\"yoast-schema-graph\">{\"@context\":\"https:\/\/schema.org\",\"@graph\":[{\"@type\":\"WebPage\",\"@id\":\"https:\/\/revorn.art\/consciousness\/\",\"url\":\"https:\/\/revorn.art\/consciousness\/\",\"name\":\"CONSCIOUSNESS - REVORN ART TOWELS\",\"isPartOf\":{\"@id\":\"https:\/\/revorn.art\/#website\"},\"primaryImageOfPage\":{\"@id\":\"https:\/\/revorn.art\/consciousness\/#primaryimage\"},\"image\":{\"@id\":\"https:\/\/revorn.art\/consciousness\/#primaryimage\"},\"thumbnailUrl\":\"https:\/\/revorn.art\/wp-content\/uploads\/2025\/06\/DSC7085_baja.jpg\",\"datePublished\":\"2025-05-13T16:11:08+00:00\",\"dateModified\":\"2025-06-27T10:03:44+00:00\",\"breadcrumb\":{\"@id\":\"https:\/\/revorn.art\/consciousness\/#breadcrumb\"},\"inLanguage\":\"es\",\"potentialAction\":[{\"@type\":\"ReadAction\",\"target\":[\"https:\/\/revorn.art\/consciousness\/\"]}]},{\"@type\":\"ImageObject\",\"inLanguage\":\"es\",\"@id\":\"https:\/\/revorn.art\/consciousness\/#primaryimage\",\"url\":\"https:\/\/revorn.art\/wp-content\/uploads\/2025\/06\/DSC7085_baja.jpg\",\"contentUrl\":\"https:\/\/revorn.art\/wp-content\/uploads\/2025\/06\/DSC7085_baja.jpg\",\"width\":4000,\"height\":5000},{\"@type\":\"BreadcrumbList\",\"@id\":\"https:\/\/revorn.art\/consciousness\/#breadcrumb\",\"itemListElement\":[{\"@type\":\"ListItem\",\"position\":1,\"name\":\"Home\",\"item\":\"https:\/\/revorn.art\/\"},{\"@type\":\"ListItem\",\"position\":2,\"name\":\"CONSCIOUSNESS\"}]},{\"@type\":\"WebSite\",\"@id\":\"https:\/\/revorn.art\/#website\",\"url\":\"https:\/\/revorn.art\/\",\"name\":\"REVORN ART TOWELS\",\"description\":\"Art-Edition, Sustainable &amp; Technical Towels -  Made in Barcelona\",\"publisher\":{\"@id\":\"https:\/\/revorn.art\/#organization\"},\"potentialAction\":[{\"@type\":\"SearchAction\",\"target\":{\"@type\":\"EntryPoint\",\"urlTemplate\":\"https:\/\/revorn.art\/?s={search_term_string}\"},\"query-input\":{\"@type\":\"PropertyValueSpecification\",\"valueRequired\":true,\"valueName\":\"search_term_string\"}}],\"inLanguage\":\"es\"},{\"@type\":\"Organization\",\"@id\":\"https:\/\/revorn.art\/#organization\",\"name\":\"REVORN ART TOWELS\",\"url\":\"https:\/\/revorn.art\/\",\"logo\":{\"@type\":\"ImageObject\",\"inLanguage\":\"es\",\"@id\":\"https:\/\/revorn.art\/#\/schema\/logo\/image\/\",\"url\":\"https:\/\/revorn.art\/wp-content\/uploads\/2025\/05\/logo-revorn-1.png\",\"contentUrl\":\"https:\/\/revorn.art\/wp-content\/uploads\/2025\/05\/logo-revorn-1.png\",\"width\":919,\"height\":706,\"caption\":\"REVORN ART TOWELS\"},\"image\":{\"@id\":\"https:\/\/revorn.art\/#\/schema\/logo\/image\/\"}}]}<\/script>\n<!-- \/ Yoast SEO plugin. -->","yoast_head_json":{"title":"CONSCIOUSNESS - REVORN ART TOWELS","robots":{"index":"index","follow":"follow","max-snippet":"max-snippet:-1","max-image-preview":"max-image-preview:large","max-video-preview":"max-video-preview:-1"},"canonical":"https:\/\/revorn.art\/es\/consciousness\/","og_locale":"es_ES","og_type":"article","og_title":"CONSCIOUSNESS - REVORN ART TOWELS","og_description":"CONSCIOUSNESS WE DO OUR BEST TO REDUCE THE CARBON FOOTPRINT \u2013 MADE IN BARCELONA At REVORN ART, we believe sustainability isn\u2019t a trend \u2014 it\u2019s a responsibility. From the materials we choose to the way we produce, we are not perfect, but we carefully study every detail to minimize our environmental impact and inspire conscious [&hellip;]","og_url":"https:\/\/revorn.art\/es\/consciousness\/","og_site_name":"REVORN ART TOWELS","article_modified_time":"2025-06-27T10:03:44+00:00","og_image":[{"width":4000,"height":5000,"url":"https:\/\/revorn.art\/wp-content\/uploads\/2025\/06\/DSC7085_baja.jpg","type":"image\/jpeg"}],"twitter_card":"summary_large_image","twitter_misc":{"Tiempo de lectura":"2 minutos"},"schema":{"@context":"https:\/\/schema.org","@graph":[{"@type":"WebPage","@id":"https:\/\/revorn.art\/consciousness\/","url":"https:\/\/revorn.art\/consciousness\/","name":"CONSCIOUSNESS - REVORN ART TOWELS","isPartOf":{"@id":"https:\/\/revorn.art\/#website"},"primaryImageOfPage":{"@id":"https:\/\/revorn.art\/consciousness\/#primaryimage"},"image":{"@id":"https:\/\/revorn.art\/consciousness\/#primaryimage"},"thumbnailUrl":"https:\/\/revorn.art\/wp-content\/uploads\/2025\/06\/DSC7085_baja.jpg","datePublished":"2025-05-13T16:11:08+00:00","dateModified":"2025-06-27T10:03:44+00:00","breadcrumb":{"@id":"https:\/\/revorn.art\/consciousness\/#breadcrumb"},"inLanguage":"es","potentialAction":[{"@type":"ReadAction","target":["https:\/\/revorn.art\/consciousness\/"]}]},{"@type":"ImageObject","inLanguage":"es","@id":"https:\/\/revorn.art\/consciousness\/#primaryimage","url":"https:\/\/revorn.art\/wp-content\/uploads\/2025\/06\/DSC7085_baja.jpg","contentUrl":"https:\/\/revorn.art\/wp-content\/uploads\/2025\/06\/DSC7085_baja.jpg","width":4000,"height":5000},{"@type":"BreadcrumbList","@id":"https:\/\/revorn.art\/consciousness\/#breadcrumb","itemListElement":[{"@type":"ListItem","position":1,"name":"Home","item":"https:\/\/revorn.art\/"},{"@type":"ListItem","position":2,"name":"CONSCIOUSNESS"}]},{"@type":"WebSite","@id":"https:\/\/revorn.art\/#website","url":"https:\/\/revorn.art\/","name":"REVORN ART TOWELS","description":"Art-Edition, Sustainable &amp; Technical Towels -  Made in Barcelona","publisher":{"@id":"https:\/\/revorn.art\/#organization"},"potentialAction":[{"@type":"SearchAction","target":{"@type":"EntryPoint","urlTemplate":"https:\/\/revorn.art\/?s={search_term_string}"},"query-input":{"@type":"PropertyValueSpecification","valueRequired":true,"valueName":"search_term_string"}}],"inLanguage":"es"},{"@type":"Organization","@id":"https:\/\/revorn.art\/#organization","name":"REVORN ART TOWELS","url":"https:\/\/revorn.art\/","logo":{"@type":"ImageObject","inLanguage":"es","@id":"https:\/\/revorn.art\/#\/schema\/logo\/image\/","url":"https:\/\/revorn.art\/wp-content\/uploads\/2025\/05\/logo-revorn-1.png","contentUrl":"https:\/\/revorn.art\/wp-content\/uploads\/2025\/05\/logo-revorn-1.png","width":919,"height":706,"caption":"REVORN ART TOWELS"},"image":{"@id":"https:\/\/revorn.art\/#\/schema\/logo\/image\/"}}]}},"_links":{"self":[{"href":"https:\/\/revorn.art\/es\/wp-json\/wp\/v2\/pages\/245","targetHints":{"allow":["GET"]}}],"collection":[{"href":"https:\/\/revorn.art\/es\/wp-json\/wp\/v2\/pages"}],"about":[{"href":"https:\/\/revorn.art\/es\/wp-json\/wp\/v2\/types\/page"}],"author":[{"embeddable":true,"href":"https:\/\/revorn.art\/es\/wp-json\/wp\/v2\/users\/1"}],"replies":[{"embeddable":true,"href":"https:\/\/revorn.art\/es\/wp-json\/wp\/v2\/comments?post=245"}],"version-history":[{"count":5,"href":"https:\/\/revorn.art\/es\/wp-json\/wp\/v2\/pages\/245\/revisions"}],"predecessor-version":[{"id":3916,"href":"https:\/\/revorn.art\/es\/wp-json\/wp\/v2\/pages\/245\/revisions\/3916"}],"wp:featuredmedia":[{"embeddable":true,"href":"https:\/\/revorn.art\/es\/wp-json\/wp\/v2\/media\/3738"}],"wp:attachment":[{"href":"https:\/\/revorn.art\/es\/wp-json\/wp\/v2\/media?parent=245"}],"curies":[{"name":"wp","href":"https:\/\/api.w.org\/{rel}","templated":true}]}}