{"id":3959,"date":"2025-07-25T10:47:32","date_gmt":"2025-07-25T08:47:32","guid":{"rendered":"https:\/\/revorn.art\/?post_type=product&#038;p=3959"},"modified":"2025-09-17T23:58:00","modified_gmt":"2025-09-17T21:58:00","slug":"botanical-rhythm-giant","status":"publish","type":"product","link":"https:\/\/revorn.art\/es\/producto\/botanical-rhythm-giant\/","title":{"rendered":"RITMO BOT\u00c1NICO \u2013 Gigante"},"content":{"rendered":"<p><strong>Toalla gigante \u201cRitmo Bot\u00e1nico\u201d<br \/>\nCreado por la artista Delia Ruiz<\/strong><\/p>\n<p>Fabricadas con orgullo en Barcelona, nuestras toallas recicladas de secado r\u00e1pido est\u00e1n hechas a partir de residuos posconsumo y certificadas seg\u00fan el RCS (Recycled Claim Standard).<\/p>\n<p><span style=\"font-weight: 400;\">Un lienzo enorme y funcional dise\u00f1ado para tu aventura diaria.<\/span><\/p>\n<p><strong>El artista<br \/>\n<\/strong><\/p>\n<p>Delia Ruiz Malo es una artista gr\u00e1fica barcelonesa con formaci\u00f3n en Dise\u00f1o Gr\u00e1fico, habiendo perfeccionado su arte estudiando en su ciudad natal, Helsinki, y Madrid. Su doble trayectoria como dise\u00f1adora y artista ha estado profundamente marcada por su experiencia viviendo en diversos pa\u00edses como Finlandia, Pa\u00edses Bajos, Australia, Reino Unido y Costa Rica, cada uno de los cuales ha aportado influencias culturales y ambientales \u00fanicas. Estas experiencias han ampliado su perspectiva creativa, forjando un estilo art\u00edstico distintivo y profundamente personal.<\/p>\n<p>Impulsada por su pasi\u00f3n por la naturaleza, el oc\u00e9ano, los deportes al aire libre y los viajes, Delia se inspira incansablemente en el mundo que la rodea. Estos temas son la esencia de su arte, lo que refleja su profunda conexi\u00f3n con el mundo natural. Al crecer rodeada de plantas y con una madre bi\u00f3loga, Delia desarroll\u00f3 una temprana apreciaci\u00f3n por la biodiversidad y la belleza de las formas org\u00e1nicas, una influencia que a\u00fan resuena en su obra.<\/p>\n<p>Su estilo creativo se define por un uso audaz de colores planos, texturas intrincadas y contrastes impactantes, combinados con un lenguaje gr\u00e1fico potente que la distingue. El enfoque art\u00edstico de Delia a menudo comienza explorando nuevos entornos, dibujando elementos que le llaman la atenci\u00f3n y luego plasmando esas impresiones en composiciones vibrantes.<\/p>\n<p>M\u00e1s all\u00e1 de su pr\u00e1ctica art\u00edstica personal, Delia tambi\u00e9n es una consumada artista gr\u00e1fica que colabora con clientes de todo el mundo.<\/p>\n<p>Su capacidad para transformar conceptos en dise\u00f1os visualmente atractivos le ha permitido establecer colaboraciones exitosas con organizaciones de renombre de diversos sectores. Su trabajo tambi\u00e9n ha recibido gran atenci\u00f3n en los medios y ha aparecido en publicaciones de prestigio.<\/p>\n<p>A trav\u00e9s de su arte, Delia busca inspirar a los espectadores a reconectarse con el mundo natural y abrazar su belleza, resiliencia y diversidad.<\/p>","protected":false},"excerpt":{"rendered":"<p>EDICI\u00d3N LIMITADA DE ARTISTA<br \/>\nToalla de microfibra GIGANTE<\/p>","protected":false},"featured_media":3962,"template":"","meta":{"_acf_changed":false,"_monsterinsights_skip_tracking":false,"_monsterinsights_sitenote_active":false,"_monsterinsights_sitenote_note":"","_monsterinsights_sitenote_category":0},"product_artist":[85],"collection":[86],"collections":[84],"talla":[77],"product_brand":[],"product_cat":[25],"product_tag":[],"class_list":{"0":"post-3959","1":"product","2":"type-product","3":"status-publish","4":"has-post-thumbnail","6":"product_artist-delia-ruiz","7":"collection-limited-edition","8":"collections-limited-artist-editions","9":"talla-195-cm-x-145-cm","10":"product_cat-giant-towels","12":"first","13":"instock","14":"taxable","15":"shipping-taxable","16":"purchasable","17":"product-type-simple"},"acf":[],"yoast_head":"<!-- This site is optimized with the Yoast SEO plugin v25.3.1 - https:\/\/yoast.com\/wordpress\/plugins\/seo\/ -->\n<title>BOTANICAL RHYTHM - Giant - REVORN ART TOWELS<\/title>\n<meta name=\"robots\" content=\"index, follow, max-snippet:-1, max-image-preview:large, max-video-preview:-1\" \/>\n<link rel=\"canonical\" href=\"https:\/\/revorn.art\/es\/producto\/botanical-rhythm-giant\/\" \/>\n<meta property=\"og:locale\" content=\"es_ES\" \/>\n<meta property=\"og:type\" content=\"article\" \/>\n<meta property=\"og:title\" content=\"BOTANICAL RHYTHM - Giant - REVORN ART TOWELS\" \/>\n<meta property=\"og:description\" content=\"LIMITED ARTIST EDITION GIANT Microfiber Towel\" \/>\n<meta property=\"og:url\" content=\"https:\/\/revorn.art\/es\/producto\/botanical-rhythm-giant\/\" \/>\n<meta property=\"og:site_name\" content=\"REVORN ART TOWELS\" \/>\n<meta property=\"article:modified_time\" content=\"2025-09-17T21:58:00+00:00\" \/>\n<meta property=\"og:image\" content=\"https:\/\/revorn.art\/wp-content\/uploads\/2025\/07\/REVORN-ART-TOWELS_DELIA-RUIZ_FRONT.jpg\" \/>\n\t<meta property=\"og:image:width\" content=\"2048\" \/>\n\t<meta property=\"og:image:height\" content=\"2732\" \/>\n\t<meta property=\"og:image:type\" content=\"image\/jpeg\" \/>\n<meta name=\"twitter:card\" content=\"summary_large_image\" \/>\n<meta name=\"twitter:label1\" content=\"Tiempo de lectura\" \/>\n\t<meta name=\"twitter:data1\" content=\"2 minutos\" \/>\n<script type=\"application\/ld+json\" class=\"yoast-schema-graph\">{\"@context\":\"https:\/\/schema.org\",\"@graph\":[{\"@type\":\"WebPage\",\"@id\":\"https:\/\/revorn.art\/product\/botanical-rhythm-giant\/\",\"url\":\"https:\/\/revorn.art\/product\/botanical-rhythm-giant\/\",\"name\":\"BOTANICAL RHYTHM - Giant - REVORN ART TOWELS\",\"isPartOf\":{\"@id\":\"https:\/\/revorn.art\/#website\"},\"primaryImageOfPage\":{\"@id\":\"https:\/\/revorn.art\/product\/botanical-rhythm-giant\/#primaryimage\"},\"image\":{\"@id\":\"https:\/\/revorn.art\/product\/botanical-rhythm-giant\/#primaryimage\"},\"thumbnailUrl\":\"https:\/\/revorn.art\/wp-content\/uploads\/2025\/07\/REVORN-ART-TOWELS_DELIA-RUIZ_FRONT.jpg\",\"datePublished\":\"2025-07-25T08:47:32+00:00\",\"dateModified\":\"2025-09-17T21:58:00+00:00\",\"breadcrumb\":{\"@id\":\"https:\/\/revorn.art\/product\/botanical-rhythm-giant\/#breadcrumb\"},\"inLanguage\":\"es\",\"potentialAction\":[{\"@type\":\"ReadAction\",\"target\":[\"https:\/\/revorn.art\/product\/botanical-rhythm-giant\/\"]}]},{\"@type\":\"ImageObject\",\"inLanguage\":\"es\",\"@id\":\"https:\/\/revorn.art\/product\/botanical-rhythm-giant\/#primaryimage\",\"url\":\"https:\/\/revorn.art\/wp-content\/uploads\/2025\/07\/REVORN-ART-TOWELS_DELIA-RUIZ_FRONT.jpg\",\"contentUrl\":\"https:\/\/revorn.art\/wp-content\/uploads\/2025\/07\/REVORN-ART-TOWELS_DELIA-RUIZ_FRONT.jpg\",\"width\":2048,\"height\":2732},{\"@type\":\"BreadcrumbList\",\"@id\":\"https:\/\/revorn.art\/product\/botanical-rhythm-giant\/#breadcrumb\",\"itemListElement\":[{\"@type\":\"ListItem\",\"position\":1,\"name\":\"Home\",\"item\":\"https:\/\/revorn.art\/\"},{\"@type\":\"ListItem\",\"position\":2,\"name\":\"Shop\",\"item\":\"https:\/\/revorn.art\/shop\/\"},{\"@type\":\"ListItem\",\"position\":3,\"name\":\"BOTANICAL RHYTHM &#8211; Giant\"}]},{\"@type\":\"WebSite\",\"@id\":\"https:\/\/revorn.art\/#website\",\"url\":\"https:\/\/revorn.art\/\",\"name\":\"REVORN ART TOWELS\",\"description\":\"Art-Edition, Sustainable &amp; Technical Towels -  Made in Barcelona\",\"publisher\":{\"@id\":\"https:\/\/revorn.art\/#organization\"},\"potentialAction\":[{\"@type\":\"SearchAction\",\"target\":{\"@type\":\"EntryPoint\",\"urlTemplate\":\"https:\/\/revorn.art\/?s={search_term_string}\"},\"query-input\":{\"@type\":\"PropertyValueSpecification\",\"valueRequired\":true,\"valueName\":\"search_term_string\"}}],\"inLanguage\":\"es\"},{\"@type\":\"Organization\",\"@id\":\"https:\/\/revorn.art\/#organization\",\"name\":\"REVORN ART TOWELS\",\"url\":\"https:\/\/revorn.art\/\",\"logo\":{\"@type\":\"ImageObject\",\"inLanguage\":\"es\",\"@id\":\"https:\/\/revorn.art\/#\/schema\/logo\/image\/\",\"url\":\"https:\/\/revorn.art\/wp-content\/uploads\/2025\/05\/logo-revorn-1.png\",\"contentUrl\":\"https:\/\/revorn.art\/wp-content\/uploads\/2025\/05\/logo-revorn-1.png\",\"width\":919,\"height\":706,\"caption\":\"REVORN ART TOWELS\"},\"image\":{\"@id\":\"https:\/\/revorn.art\/#\/schema\/logo\/image\/\"}}]}<\/script>\n<!-- \/ Yoast SEO plugin. -->","yoast_head_json":{"title":"BOTANICAL RHYTHM - Giant - REVORN ART TOWELS","robots":{"index":"index","follow":"follow","max-snippet":"max-snippet:-1","max-image-preview":"max-image-preview:large","max-video-preview":"max-video-preview:-1"},"canonical":"https:\/\/revorn.art\/es\/producto\/botanical-rhythm-giant\/","og_locale":"es_ES","og_type":"article","og_title":"BOTANICAL RHYTHM - Giant - REVORN ART TOWELS","og_description":"LIMITED ARTIST EDITION GIANT Microfiber Towel","og_url":"https:\/\/revorn.art\/es\/producto\/botanical-rhythm-giant\/","og_site_name":"REVORN ART TOWELS","article_modified_time":"2025-09-17T21:58:00+00:00","og_image":[{"width":2048,"height":2732,"url":"https:\/\/revorn.art\/wp-content\/uploads\/2025\/07\/REVORN-ART-TOWELS_DELIA-RUIZ_FRONT.jpg","type":"image\/jpeg"}],"twitter_card":"summary_large_image","twitter_misc":{"Tiempo de lectura":"2 minutos"},"schema":{"@context":"https:\/\/schema.org","@graph":[{"@type":"WebPage","@id":"https:\/\/revorn.art\/product\/botanical-rhythm-giant\/","url":"https:\/\/revorn.art\/product\/botanical-rhythm-giant\/","name":"BOTANICAL RHYTHM - Giant - REVORN ART TOWELS","isPartOf":{"@id":"https:\/\/revorn.art\/#website"},"primaryImageOfPage":{"@id":"https:\/\/revorn.art\/product\/botanical-rhythm-giant\/#primaryimage"},"image":{"@id":"https:\/\/revorn.art\/product\/botanical-rhythm-giant\/#primaryimage"},"thumbnailUrl":"https:\/\/revorn.art\/wp-content\/uploads\/2025\/07\/REVORN-ART-TOWELS_DELIA-RUIZ_FRONT.jpg","datePublished":"2025-07-25T08:47:32+00:00","dateModified":"2025-09-17T21:58:00+00:00","breadcrumb":{"@id":"https:\/\/revorn.art\/product\/botanical-rhythm-giant\/#breadcrumb"},"inLanguage":"es","potentialAction":[{"@type":"ReadAction","target":["https:\/\/revorn.art\/product\/botanical-rhythm-giant\/"]}]},{"@type":"ImageObject","inLanguage":"es","@id":"https:\/\/revorn.art\/product\/botanical-rhythm-giant\/#primaryimage","url":"https:\/\/revorn.art\/wp-content\/uploads\/2025\/07\/REVORN-ART-TOWELS_DELIA-RUIZ_FRONT.jpg","contentUrl":"https:\/\/revorn.art\/wp-content\/uploads\/2025\/07\/REVORN-ART-TOWELS_DELIA-RUIZ_FRONT.jpg","width":2048,"height":2732},{"@type":"BreadcrumbList","@id":"https:\/\/revorn.art\/product\/botanical-rhythm-giant\/#breadcrumb","itemListElement":[{"@type":"ListItem","position":1,"name":"Home","item":"https:\/\/revorn.art\/"},{"@type":"ListItem","position":2,"name":"Shop","item":"https:\/\/revorn.art\/shop\/"},{"@type":"ListItem","position":3,"name":"BOTANICAL RHYTHM &#8211; Giant"}]},{"@type":"WebSite","@id":"https:\/\/revorn.art\/#website","url":"https:\/\/revorn.art\/","name":"REVORN ART TOWELS","description":"Art-Edition, Sustainable &amp; Technical Towels -  Made in Barcelona","publisher":{"@id":"https:\/\/revorn.art\/#organization"},"potentialAction":[{"@type":"SearchAction","target":{"@type":"EntryPoint","urlTemplate":"https:\/\/revorn.art\/?s={search_term_string}"},"query-input":{"@type":"PropertyValueSpecification","valueRequired":true,"valueName":"search_term_string"}}],"inLanguage":"es"},{"@type":"Organization","@id":"https:\/\/revorn.art\/#organization","name":"REVORN ART TOWELS","url":"https:\/\/revorn.art\/","logo":{"@type":"ImageObject","inLanguage":"es","@id":"https:\/\/revorn.art\/#\/schema\/logo\/image\/","url":"https:\/\/revorn.art\/wp-content\/uploads\/2025\/05\/logo-revorn-1.png","contentUrl":"https:\/\/revorn.art\/wp-content\/uploads\/2025\/05\/logo-revorn-1.png","width":919,"height":706,"caption":"REVORN ART TOWELS"},"image":{"@id":"https:\/\/revorn.art\/#\/schema\/logo\/image\/"}}]}},"_links":{"self":[{"href":"https:\/\/revorn.art\/es\/wp-json\/wp\/v2\/product\/3959","targetHints":{"allow":["GET"]}}],"collection":[{"href":"https:\/\/revorn.art\/es\/wp-json\/wp\/v2\/product"}],"about":[{"href":"https:\/\/revorn.art\/es\/wp-json\/wp\/v2\/types\/product"}],"wp:featuredmedia":[{"embeddable":true,"href":"https:\/\/revorn.art\/es\/wp-json\/wp\/v2\/media\/3962"}],"wp:attachment":[{"href":"https:\/\/revorn.art\/es\/wp-json\/wp\/v2\/media?parent=3959"}],"wp:term":[{"taxonomy":"product_artist","embeddable":true,"href":"https:\/\/revorn.art\/es\/wp-json\/wp\/v2\/product_artist?post=3959"},{"taxonomy":"collection","embeddable":true,"href":"https:\/\/revorn.art\/es\/wp-json\/wp\/v2\/collection?post=3959"},{"taxonomy":"collections","embeddable":true,"href":"https:\/\/revorn.art\/es\/wp-json\/wp\/v2\/collections?post=3959"},{"taxonomy":"talla","embeddable":true,"href":"https:\/\/revorn.art\/es\/wp-json\/wp\/v2\/talla?post=3959"},{"taxonomy":"product_brand","embeddable":true,"href":"https:\/\/revorn.art\/es\/wp-json\/wp\/v2\/product_brand?post=3959"},{"taxonomy":"product_cat","embeddable":true,"href":"https:\/\/revorn.art\/es\/wp-json\/wp\/v2\/product_cat?post=3959"},{"taxonomy":"product_tag","embeddable":true,"href":"https:\/\/revorn.art\/es\/wp-json\/wp\/v2\/product_tag?post=3959"}],"curies":[{"name":"wp","href":"https:\/\/api.w.org\/{rel}","templated":true}]}}