{"id":4000,"date":"2025-09-17T23:39:57","date_gmt":"2025-09-17T21:39:57","guid":{"rendered":"https:\/\/revorn.art\/?post_type=product&#038;p=4000"},"modified":"2025-09-22T19:29:51","modified_gmt":"2025-09-22T17:29:51","slug":"no-future-giant","status":"publish","type":"product","link":"https:\/\/revorn.art\/es\/producto\/no-future-giant\/","title":{"rendered":"VIAJE DE DESPERTAR \u2013 Gigante"},"content":{"rendered":"<p><strong>Toalla gigante \u201cVIAJE DESPERTAR\u201d<br \/>\nCreado por el artista Marcos Cabrera<\/strong><\/p>\n<p>Esta es una edici\u00f3n limitada de 50 piezas, \u00a1date prisa antes de que sea tarde!<\/p>\n<p>Fabricadas con orgullo en Barcelona, nuestras toallas recicladas de secado r\u00e1pido est\u00e1n hechas a partir de residuos posconsumo y certificadas seg\u00fan el RCS (Recycled Claim Standard).<\/p>\n<p><span style=\"font-weight: 400;\">Un lienzo enorme y funcional dise\u00f1ado para tu aventura diaria.<\/span><\/p>\n<p><strong>El artista<br \/>\n<\/strong><\/p>\n<p>Marcos Cabrera es un ilustrador y dise\u00f1ador gr\u00e1fico afincado entre Barcelona y Tenerife.<\/p>\n<p>Su obra abarca carteles, patinetas, productos y portadas de \u00e1lbumes, repletas de im\u00e1genes surrealistas y una profunda fascinaci\u00f3n por los monstruos y lo macabro.<\/p>\n<p>Inspir\u00e1ndose en la cultura del skate y el surf de principios de los 80, as\u00ed como en las subculturas del punk rock y el hardcore, Marcos crea mundos audaces y ca\u00f3ticos donde zombis, criaturas grotescas y demonios gritando y escupiendo calaveras son la norma. Sus ilustraciones cobran vida gracias a una paleta de colores vibrante y altamente saturada, que a\u00f1ade a\u00fan m\u00e1s intensidad a la locura.<\/p>","protected":false},"excerpt":{"rendered":"<p>EDICI\u00d3N LIMITADA DE ARTISTA<br \/>\nToalla de microfibra GIGANTE<\/p>","protected":false},"featured_media":4002,"template":"","meta":{"_acf_changed":false,"_monsterinsights_skip_tracking":false,"_monsterinsights_sitenote_active":false,"_monsterinsights_sitenote_note":"","_monsterinsights_sitenote_category":0},"product_artist":[87],"collection":[],"collections":[84],"talla":[77],"product_brand":[],"product_cat":[25],"product_tag":[],"class_list":{"0":"post-4000","1":"product","2":"type-product","3":"status-publish","4":"has-post-thumbnail","6":"product_artist-marcos-cabrera","7":"collections-limited-artist-editions","8":"talla-195-cm-x-145-cm","9":"product_cat-giant-towels","11":"first","12":"instock","13":"taxable","14":"shipping-taxable","15":"purchasable","16":"product-type-simple"},"acf":[],"yoast_head":"<!-- This site is optimized with the Yoast SEO plugin v25.3.1 - https:\/\/yoast.com\/wordpress\/plugins\/seo\/ -->\n<title>AWAKENING TRIP - Giant - REVORN ART TOWELS<\/title>\n<meta name=\"robots\" content=\"index, follow, max-snippet:-1, max-image-preview:large, max-video-preview:-1\" \/>\n<link rel=\"canonical\" href=\"https:\/\/revorn.art\/es\/producto\/no-future-giant\/\" \/>\n<meta property=\"og:locale\" content=\"es_ES\" \/>\n<meta property=\"og:type\" content=\"article\" \/>\n<meta property=\"og:title\" content=\"AWAKENING TRIP - Giant - REVORN ART TOWELS\" \/>\n<meta property=\"og:description\" content=\"LIMITED ARTIST EDITION GIANT Microfiber Towel\" \/>\n<meta property=\"og:url\" content=\"https:\/\/revorn.art\/es\/producto\/no-future-giant\/\" \/>\n<meta property=\"og:site_name\" content=\"REVORN ART TOWELS\" \/>\n<meta property=\"article:modified_time\" content=\"2025-09-22T17:29:51+00:00\" \/>\n<meta property=\"og:image\" content=\"https:\/\/revorn.art\/wp-content\/uploads\/2025\/09\/REVORN_towels_limited_edition_marcos_cabrera.jpg\" \/>\n\t<meta property=\"og:image:width\" content=\"2048\" \/>\n\t<meta property=\"og:image:height\" content=\"2732\" \/>\n\t<meta property=\"og:image:type\" content=\"image\/jpeg\" \/>\n<meta name=\"twitter:card\" content=\"summary_large_image\" \/>\n<meta name=\"twitter:label1\" content=\"Tiempo de lectura\" \/>\n\t<meta name=\"twitter:data1\" content=\"1 minuto\" \/>\n<script type=\"application\/ld+json\" class=\"yoast-schema-graph\">{\"@context\":\"https:\/\/schema.org\",\"@graph\":[{\"@type\":\"WebPage\",\"@id\":\"https:\/\/revorn.art\/product\/no-future-giant\/\",\"url\":\"https:\/\/revorn.art\/product\/no-future-giant\/\",\"name\":\"AWAKENING TRIP - Giant - REVORN ART TOWELS\",\"isPartOf\":{\"@id\":\"https:\/\/revorn.art\/#website\"},\"primaryImageOfPage\":{\"@id\":\"https:\/\/revorn.art\/product\/no-future-giant\/#primaryimage\"},\"image\":{\"@id\":\"https:\/\/revorn.art\/product\/no-future-giant\/#primaryimage\"},\"thumbnailUrl\":\"https:\/\/revorn.art\/wp-content\/uploads\/2025\/09\/REVORN_towels_limited_edition_marcos_cabrera.jpg\",\"datePublished\":\"2025-09-17T21:39:57+00:00\",\"dateModified\":\"2025-09-22T17:29:51+00:00\",\"breadcrumb\":{\"@id\":\"https:\/\/revorn.art\/product\/no-future-giant\/#breadcrumb\"},\"inLanguage\":\"es\",\"potentialAction\":[{\"@type\":\"ReadAction\",\"target\":[\"https:\/\/revorn.art\/product\/no-future-giant\/\"]}]},{\"@type\":\"ImageObject\",\"inLanguage\":\"es\",\"@id\":\"https:\/\/revorn.art\/product\/no-future-giant\/#primaryimage\",\"url\":\"https:\/\/revorn.art\/wp-content\/uploads\/2025\/09\/REVORN_towels_limited_edition_marcos_cabrera.jpg\",\"contentUrl\":\"https:\/\/revorn.art\/wp-content\/uploads\/2025\/09\/REVORN_towels_limited_edition_marcos_cabrera.jpg\",\"width\":2048,\"height\":2732},{\"@type\":\"BreadcrumbList\",\"@id\":\"https:\/\/revorn.art\/product\/no-future-giant\/#breadcrumb\",\"itemListElement\":[{\"@type\":\"ListItem\",\"position\":1,\"name\":\"Home\",\"item\":\"https:\/\/revorn.art\/\"},{\"@type\":\"ListItem\",\"position\":2,\"name\":\"Shop\",\"item\":\"https:\/\/revorn.art\/shop\/\"},{\"@type\":\"ListItem\",\"position\":3,\"name\":\"AWAKENING TRIP &#8211; Giant\"}]},{\"@type\":\"WebSite\",\"@id\":\"https:\/\/revorn.art\/#website\",\"url\":\"https:\/\/revorn.art\/\",\"name\":\"REVORN ART TOWELS\",\"description\":\"Art-Edition, Sustainable &amp; Technical Towels -  Made in Barcelona\",\"publisher\":{\"@id\":\"https:\/\/revorn.art\/#organization\"},\"potentialAction\":[{\"@type\":\"SearchAction\",\"target\":{\"@type\":\"EntryPoint\",\"urlTemplate\":\"https:\/\/revorn.art\/?s={search_term_string}\"},\"query-input\":{\"@type\":\"PropertyValueSpecification\",\"valueRequired\":true,\"valueName\":\"search_term_string\"}}],\"inLanguage\":\"es\"},{\"@type\":\"Organization\",\"@id\":\"https:\/\/revorn.art\/#organization\",\"name\":\"REVORN ART TOWELS\",\"url\":\"https:\/\/revorn.art\/\",\"logo\":{\"@type\":\"ImageObject\",\"inLanguage\":\"es\",\"@id\":\"https:\/\/revorn.art\/#\/schema\/logo\/image\/\",\"url\":\"https:\/\/revorn.art\/wp-content\/uploads\/2025\/05\/logo-revorn-1.png\",\"contentUrl\":\"https:\/\/revorn.art\/wp-content\/uploads\/2025\/05\/logo-revorn-1.png\",\"width\":919,\"height\":706,\"caption\":\"REVORN ART TOWELS\"},\"image\":{\"@id\":\"https:\/\/revorn.art\/#\/schema\/logo\/image\/\"}}]}<\/script>\n<!-- \/ Yoast SEO plugin. -->","yoast_head_json":{"title":"AWAKENING TRIP - Giant - REVORN ART TOWELS","robots":{"index":"index","follow":"follow","max-snippet":"max-snippet:-1","max-image-preview":"max-image-preview:large","max-video-preview":"max-video-preview:-1"},"canonical":"https:\/\/revorn.art\/es\/producto\/no-future-giant\/","og_locale":"es_ES","og_type":"article","og_title":"AWAKENING TRIP - Giant - REVORN ART TOWELS","og_description":"LIMITED ARTIST EDITION GIANT Microfiber Towel","og_url":"https:\/\/revorn.art\/es\/producto\/no-future-giant\/","og_site_name":"REVORN ART TOWELS","article_modified_time":"2025-09-22T17:29:51+00:00","og_image":[{"width":2048,"height":2732,"url":"https:\/\/revorn.art\/wp-content\/uploads\/2025\/09\/REVORN_towels_limited_edition_marcos_cabrera.jpg","type":"image\/jpeg"}],"twitter_card":"summary_large_image","twitter_misc":{"Tiempo de lectura":"1 minuto"},"schema":{"@context":"https:\/\/schema.org","@graph":[{"@type":"WebPage","@id":"https:\/\/revorn.art\/product\/no-future-giant\/","url":"https:\/\/revorn.art\/product\/no-future-giant\/","name":"AWAKENING TRIP - Giant - REVORN ART TOWELS","isPartOf":{"@id":"https:\/\/revorn.art\/#website"},"primaryImageOfPage":{"@id":"https:\/\/revorn.art\/product\/no-future-giant\/#primaryimage"},"image":{"@id":"https:\/\/revorn.art\/product\/no-future-giant\/#primaryimage"},"thumbnailUrl":"https:\/\/revorn.art\/wp-content\/uploads\/2025\/09\/REVORN_towels_limited_edition_marcos_cabrera.jpg","datePublished":"2025-09-17T21:39:57+00:00","dateModified":"2025-09-22T17:29:51+00:00","breadcrumb":{"@id":"https:\/\/revorn.art\/product\/no-future-giant\/#breadcrumb"},"inLanguage":"es","potentialAction":[{"@type":"ReadAction","target":["https:\/\/revorn.art\/product\/no-future-giant\/"]}]},{"@type":"ImageObject","inLanguage":"es","@id":"https:\/\/revorn.art\/product\/no-future-giant\/#primaryimage","url":"https:\/\/revorn.art\/wp-content\/uploads\/2025\/09\/REVORN_towels_limited_edition_marcos_cabrera.jpg","contentUrl":"https:\/\/revorn.art\/wp-content\/uploads\/2025\/09\/REVORN_towels_limited_edition_marcos_cabrera.jpg","width":2048,"height":2732},{"@type":"BreadcrumbList","@id":"https:\/\/revorn.art\/product\/no-future-giant\/#breadcrumb","itemListElement":[{"@type":"ListItem","position":1,"name":"Home","item":"https:\/\/revorn.art\/"},{"@type":"ListItem","position":2,"name":"Shop","item":"https:\/\/revorn.art\/shop\/"},{"@type":"ListItem","position":3,"name":"AWAKENING TRIP &#8211; Giant"}]},{"@type":"WebSite","@id":"https:\/\/revorn.art\/#website","url":"https:\/\/revorn.art\/","name":"REVORN ART TOWELS","description":"Art-Edition, Sustainable &amp; Technical Towels -  Made in Barcelona","publisher":{"@id":"https:\/\/revorn.art\/#organization"},"potentialAction":[{"@type":"SearchAction","target":{"@type":"EntryPoint","urlTemplate":"https:\/\/revorn.art\/?s={search_term_string}"},"query-input":{"@type":"PropertyValueSpecification","valueRequired":true,"valueName":"search_term_string"}}],"inLanguage":"es"},{"@type":"Organization","@id":"https:\/\/revorn.art\/#organization","name":"REVORN ART TOWELS","url":"https:\/\/revorn.art\/","logo":{"@type":"ImageObject","inLanguage":"es","@id":"https:\/\/revorn.art\/#\/schema\/logo\/image\/","url":"https:\/\/revorn.art\/wp-content\/uploads\/2025\/05\/logo-revorn-1.png","contentUrl":"https:\/\/revorn.art\/wp-content\/uploads\/2025\/05\/logo-revorn-1.png","width":919,"height":706,"caption":"REVORN ART TOWELS"},"image":{"@id":"https:\/\/revorn.art\/#\/schema\/logo\/image\/"}}]}},"_links":{"self":[{"href":"https:\/\/revorn.art\/es\/wp-json\/wp\/v2\/product\/4000","targetHints":{"allow":["GET"]}}],"collection":[{"href":"https:\/\/revorn.art\/es\/wp-json\/wp\/v2\/product"}],"about":[{"href":"https:\/\/revorn.art\/es\/wp-json\/wp\/v2\/types\/product"}],"wp:featuredmedia":[{"embeddable":true,"href":"https:\/\/revorn.art\/es\/wp-json\/wp\/v2\/media\/4002"}],"wp:attachment":[{"href":"https:\/\/revorn.art\/es\/wp-json\/wp\/v2\/media?parent=4000"}],"wp:term":[{"taxonomy":"product_artist","embeddable":true,"href":"https:\/\/revorn.art\/es\/wp-json\/wp\/v2\/product_artist?post=4000"},{"taxonomy":"collection","embeddable":true,"href":"https:\/\/revorn.art\/es\/wp-json\/wp\/v2\/collection?post=4000"},{"taxonomy":"collections","embeddable":true,"href":"https:\/\/revorn.art\/es\/wp-json\/wp\/v2\/collections?post=4000"},{"taxonomy":"talla","embeddable":true,"href":"https:\/\/revorn.art\/es\/wp-json\/wp\/v2\/talla?post=4000"},{"taxonomy":"product_brand","embeddable":true,"href":"https:\/\/revorn.art\/es\/wp-json\/wp\/v2\/product_brand?post=4000"},{"taxonomy":"product_cat","embeddable":true,"href":"https:\/\/revorn.art\/es\/wp-json\/wp\/v2\/product_cat?post=4000"},{"taxonomy":"product_tag","embeddable":true,"href":"https:\/\/revorn.art\/es\/wp-json\/wp\/v2\/product_tag?post=4000"}],"curies":[{"name":"wp","href":"https:\/\/api.w.org\/{rel}","templated":true}]}}