{"id":4004,"date":"2025-09-18T00:05:02","date_gmt":"2025-09-17T22:05:02","guid":{"rendered":"https:\/\/revorn.art\/?post_type=product&#038;p=4004"},"modified":"2025-09-18T00:08:39","modified_gmt":"2025-09-17T22:08:39","slug":"51-minutes-giant","status":"publish","type":"product","link":"https:\/\/revorn.art\/es\/producto\/51-minutes-giant\/","title":{"rendered":"51 MINUTOS \u2013 Gigante"},"content":{"rendered":"<p><strong>Toalla gigante \u201c51 MINUTOS\u201d<br \/>\nCreado por el artista Morcky<\/strong><\/p>\n<p>Esta es una edici\u00f3n limitada de 50 piezas, \u00a1date prisa antes de que sea tarde!<\/p>\n<p>Fabricadas con orgullo en Barcelona, nuestras toallas recicladas de secado r\u00e1pido est\u00e1n hechas a partir de residuos posconsumo y certificadas seg\u00fan el RCS (Recycled Claim Standard).<\/p>\n<p><span style=\"font-weight: 400;\">Un lienzo enorme y funcional dise\u00f1ado para tu aventura diaria.<\/span><\/p>\n<p><strong>El artista<br \/>\n<\/strong><\/p>\n<p class=\"p1\">Marco Galmacci, conocido como Morcky, es un artista italiano afincado en Barcelona. Criado en...<\/p>\n<p class=\"p1\">Grafitero y formado en matem\u00e1ticas, su obra se ha expandido para explorar la ilustraci\u00f3n y<\/p>\n<p class=\"p1\">animaci\u00f3n, definiendo un camino art\u00edstico donde se entrelaza su pasi\u00f3n por el trabajo de l\u00ednea y la din\u00e1mica.<\/p>\n<p class=\"p1\">con atenci\u00f3n a la intimidad emocional y composiciones evocadoras.<\/p>\n<p class=\"p1\">Morcky ha expuesto su obra en museos, muros, festivales y galer\u00edas en m\u00e1s de 15<\/p>\n<p class=\"p1\">pa\u00edses de todo el mundo y es uno de los directores de la<span class=\"s1\"> Sabios<\/span> proyecto, un colectivo<\/p>\n<p class=\"p1\">Dedicado a la animaci\u00f3n y producciones creativas.<\/p>","protected":false},"excerpt":{"rendered":"<p>EDICI\u00d3N LIMITADA DE ARTISTA<br \/>\nToalla de microfibra GIGANTE<\/p>","protected":false},"featured_media":4005,"template":"","meta":{"_acf_changed":false,"_monsterinsights_skip_tracking":false,"_monsterinsights_sitenote_active":false,"_monsterinsights_sitenote_note":"","_monsterinsights_sitenote_category":0},"product_artist":[88],"collection":[],"collections":[84],"talla":[77],"product_brand":[],"product_cat":[25],"product_tag":[],"class_list":{"0":"post-4004","1":"product","2":"type-product","3":"status-publish","4":"has-post-thumbnail","6":"product_artist-morcky","7":"collections-limited-artist-editions","8":"talla-195-cm-x-145-cm","9":"product_cat-giant-towels","11":"first","12":"instock","13":"taxable","14":"shipping-taxable","15":"purchasable","16":"product-type-simple"},"acf":[],"yoast_head":"<!-- This site is optimized with the Yoast SEO plugin v25.3.1 - https:\/\/yoast.com\/wordpress\/plugins\/seo\/ -->\n<title>51 MINUTES - Giant - REVORN ART TOWELS<\/title>\n<meta name=\"robots\" content=\"index, follow, max-snippet:-1, max-image-preview:large, max-video-preview:-1\" \/>\n<link rel=\"canonical\" href=\"https:\/\/revorn.art\/es\/producto\/51-minutes-giant\/\" \/>\n<meta property=\"og:locale\" content=\"es_ES\" \/>\n<meta property=\"og:type\" content=\"article\" \/>\n<meta property=\"og:title\" content=\"51 MINUTES - Giant - REVORN ART TOWELS\" \/>\n<meta property=\"og:description\" content=\"LIMITED ARTIST EDITION GIANT Microfiber Towel\" \/>\n<meta property=\"og:url\" content=\"https:\/\/revorn.art\/es\/producto\/51-minutes-giant\/\" \/>\n<meta property=\"og:site_name\" content=\"REVORN ART TOWELS\" \/>\n<meta property=\"article:modified_time\" content=\"2025-09-17T22:08:39+00:00\" \/>\n<meta property=\"og:image\" content=\"https:\/\/revorn.art\/wp-content\/uploads\/2025\/09\/REVORN_towels_limited_edition_MORCKY_front.jpg\" \/>\n\t<meta property=\"og:image:width\" content=\"2048\" \/>\n\t<meta property=\"og:image:height\" content=\"2732\" \/>\n\t<meta property=\"og:image:type\" content=\"image\/jpeg\" \/>\n<meta name=\"twitter:card\" content=\"summary_large_image\" \/>\n<meta name=\"twitter:label1\" content=\"Tiempo de lectura\" \/>\n\t<meta name=\"twitter:data1\" content=\"1 minuto\" \/>\n<script type=\"application\/ld+json\" class=\"yoast-schema-graph\">{\"@context\":\"https:\/\/schema.org\",\"@graph\":[{\"@type\":\"WebPage\",\"@id\":\"https:\/\/revorn.art\/product\/51-minutes-giant\/\",\"url\":\"https:\/\/revorn.art\/product\/51-minutes-giant\/\",\"name\":\"51 MINUTES - Giant - REVORN ART TOWELS\",\"isPartOf\":{\"@id\":\"https:\/\/revorn.art\/#website\"},\"primaryImageOfPage\":{\"@id\":\"https:\/\/revorn.art\/product\/51-minutes-giant\/#primaryimage\"},\"image\":{\"@id\":\"https:\/\/revorn.art\/product\/51-minutes-giant\/#primaryimage\"},\"thumbnailUrl\":\"https:\/\/revorn.art\/wp-content\/uploads\/2025\/09\/REVORN_towels_limited_edition_MORCKY_front.jpg\",\"datePublished\":\"2025-09-17T22:05:02+00:00\",\"dateModified\":\"2025-09-17T22:08:39+00:00\",\"breadcrumb\":{\"@id\":\"https:\/\/revorn.art\/product\/51-minutes-giant\/#breadcrumb\"},\"inLanguage\":\"es\",\"potentialAction\":[{\"@type\":\"ReadAction\",\"target\":[\"https:\/\/revorn.art\/product\/51-minutes-giant\/\"]}]},{\"@type\":\"ImageObject\",\"inLanguage\":\"es\",\"@id\":\"https:\/\/revorn.art\/product\/51-minutes-giant\/#primaryimage\",\"url\":\"https:\/\/revorn.art\/wp-content\/uploads\/2025\/09\/REVORN_towels_limited_edition_MORCKY_front.jpg\",\"contentUrl\":\"https:\/\/revorn.art\/wp-content\/uploads\/2025\/09\/REVORN_towels_limited_edition_MORCKY_front.jpg\",\"width\":2048,\"height\":2732},{\"@type\":\"BreadcrumbList\",\"@id\":\"https:\/\/revorn.art\/product\/51-minutes-giant\/#breadcrumb\",\"itemListElement\":[{\"@type\":\"ListItem\",\"position\":1,\"name\":\"Home\",\"item\":\"https:\/\/revorn.art\/\"},{\"@type\":\"ListItem\",\"position\":2,\"name\":\"Shop\",\"item\":\"https:\/\/revorn.art\/shop\/\"},{\"@type\":\"ListItem\",\"position\":3,\"name\":\"51 MINUTES &#8211; Giant\"}]},{\"@type\":\"WebSite\",\"@id\":\"https:\/\/revorn.art\/#website\",\"url\":\"https:\/\/revorn.art\/\",\"name\":\"REVORN ART TOWELS\",\"description\":\"Art-Edition, Sustainable &amp; Technical Towels -  Made in Barcelona\",\"publisher\":{\"@id\":\"https:\/\/revorn.art\/#organization\"},\"potentialAction\":[{\"@type\":\"SearchAction\",\"target\":{\"@type\":\"EntryPoint\",\"urlTemplate\":\"https:\/\/revorn.art\/?s={search_term_string}\"},\"query-input\":{\"@type\":\"PropertyValueSpecification\",\"valueRequired\":true,\"valueName\":\"search_term_string\"}}],\"inLanguage\":\"es\"},{\"@type\":\"Organization\",\"@id\":\"https:\/\/revorn.art\/#organization\",\"name\":\"REVORN ART TOWELS\",\"url\":\"https:\/\/revorn.art\/\",\"logo\":{\"@type\":\"ImageObject\",\"inLanguage\":\"es\",\"@id\":\"https:\/\/revorn.art\/#\/schema\/logo\/image\/\",\"url\":\"https:\/\/revorn.art\/wp-content\/uploads\/2025\/05\/logo-revorn-1.png\",\"contentUrl\":\"https:\/\/revorn.art\/wp-content\/uploads\/2025\/05\/logo-revorn-1.png\",\"width\":919,\"height\":706,\"caption\":\"REVORN ART TOWELS\"},\"image\":{\"@id\":\"https:\/\/revorn.art\/#\/schema\/logo\/image\/\"}}]}<\/script>\n<!-- \/ Yoast SEO plugin. -->","yoast_head_json":{"title":"51 MINUTES - Giant - REVORN ART TOWELS","robots":{"index":"index","follow":"follow","max-snippet":"max-snippet:-1","max-image-preview":"max-image-preview:large","max-video-preview":"max-video-preview:-1"},"canonical":"https:\/\/revorn.art\/es\/producto\/51-minutes-giant\/","og_locale":"es_ES","og_type":"article","og_title":"51 MINUTES - Giant - REVORN ART TOWELS","og_description":"LIMITED ARTIST EDITION GIANT Microfiber Towel","og_url":"https:\/\/revorn.art\/es\/producto\/51-minutes-giant\/","og_site_name":"REVORN ART TOWELS","article_modified_time":"2025-09-17T22:08:39+00:00","og_image":[{"width":2048,"height":2732,"url":"https:\/\/revorn.art\/wp-content\/uploads\/2025\/09\/REVORN_towels_limited_edition_MORCKY_front.jpg","type":"image\/jpeg"}],"twitter_card":"summary_large_image","twitter_misc":{"Tiempo de lectura":"1 minuto"},"schema":{"@context":"https:\/\/schema.org","@graph":[{"@type":"WebPage","@id":"https:\/\/revorn.art\/product\/51-minutes-giant\/","url":"https:\/\/revorn.art\/product\/51-minutes-giant\/","name":"51 MINUTES - Giant - REVORN ART TOWELS","isPartOf":{"@id":"https:\/\/revorn.art\/#website"},"primaryImageOfPage":{"@id":"https:\/\/revorn.art\/product\/51-minutes-giant\/#primaryimage"},"image":{"@id":"https:\/\/revorn.art\/product\/51-minutes-giant\/#primaryimage"},"thumbnailUrl":"https:\/\/revorn.art\/wp-content\/uploads\/2025\/09\/REVORN_towels_limited_edition_MORCKY_front.jpg","datePublished":"2025-09-17T22:05:02+00:00","dateModified":"2025-09-17T22:08:39+00:00","breadcrumb":{"@id":"https:\/\/revorn.art\/product\/51-minutes-giant\/#breadcrumb"},"inLanguage":"es","potentialAction":[{"@type":"ReadAction","target":["https:\/\/revorn.art\/product\/51-minutes-giant\/"]}]},{"@type":"ImageObject","inLanguage":"es","@id":"https:\/\/revorn.art\/product\/51-minutes-giant\/#primaryimage","url":"https:\/\/revorn.art\/wp-content\/uploads\/2025\/09\/REVORN_towels_limited_edition_MORCKY_front.jpg","contentUrl":"https:\/\/revorn.art\/wp-content\/uploads\/2025\/09\/REVORN_towels_limited_edition_MORCKY_front.jpg","width":2048,"height":2732},{"@type":"BreadcrumbList","@id":"https:\/\/revorn.art\/product\/51-minutes-giant\/#breadcrumb","itemListElement":[{"@type":"ListItem","position":1,"name":"Home","item":"https:\/\/revorn.art\/"},{"@type":"ListItem","position":2,"name":"Shop","item":"https:\/\/revorn.art\/shop\/"},{"@type":"ListItem","position":3,"name":"51 MINUTES &#8211; Giant"}]},{"@type":"WebSite","@id":"https:\/\/revorn.art\/#website","url":"https:\/\/revorn.art\/","name":"REVORN ART TOWELS","description":"Art-Edition, Sustainable &amp; Technical Towels -  Made in Barcelona","publisher":{"@id":"https:\/\/revorn.art\/#organization"},"potentialAction":[{"@type":"SearchAction","target":{"@type":"EntryPoint","urlTemplate":"https:\/\/revorn.art\/?s={search_term_string}"},"query-input":{"@type":"PropertyValueSpecification","valueRequired":true,"valueName":"search_term_string"}}],"inLanguage":"es"},{"@type":"Organization","@id":"https:\/\/revorn.art\/#organization","name":"REVORN ART TOWELS","url":"https:\/\/revorn.art\/","logo":{"@type":"ImageObject","inLanguage":"es","@id":"https:\/\/revorn.art\/#\/schema\/logo\/image\/","url":"https:\/\/revorn.art\/wp-content\/uploads\/2025\/05\/logo-revorn-1.png","contentUrl":"https:\/\/revorn.art\/wp-content\/uploads\/2025\/05\/logo-revorn-1.png","width":919,"height":706,"caption":"REVORN ART TOWELS"},"image":{"@id":"https:\/\/revorn.art\/#\/schema\/logo\/image\/"}}]}},"_links":{"self":[{"href":"https:\/\/revorn.art\/es\/wp-json\/wp\/v2\/product\/4004","targetHints":{"allow":["GET"]}}],"collection":[{"href":"https:\/\/revorn.art\/es\/wp-json\/wp\/v2\/product"}],"about":[{"href":"https:\/\/revorn.art\/es\/wp-json\/wp\/v2\/types\/product"}],"wp:featuredmedia":[{"embeddable":true,"href":"https:\/\/revorn.art\/es\/wp-json\/wp\/v2\/media\/4005"}],"wp:attachment":[{"href":"https:\/\/revorn.art\/es\/wp-json\/wp\/v2\/media?parent=4004"}],"wp:term":[{"taxonomy":"product_artist","embeddable":true,"href":"https:\/\/revorn.art\/es\/wp-json\/wp\/v2\/product_artist?post=4004"},{"taxonomy":"collection","embeddable":true,"href":"https:\/\/revorn.art\/es\/wp-json\/wp\/v2\/collection?post=4004"},{"taxonomy":"collections","embeddable":true,"href":"https:\/\/revorn.art\/es\/wp-json\/wp\/v2\/collections?post=4004"},{"taxonomy":"talla","embeddable":true,"href":"https:\/\/revorn.art\/es\/wp-json\/wp\/v2\/talla?post=4004"},{"taxonomy":"product_brand","embeddable":true,"href":"https:\/\/revorn.art\/es\/wp-json\/wp\/v2\/product_brand?post=4004"},{"taxonomy":"product_cat","embeddable":true,"href":"https:\/\/revorn.art\/es\/wp-json\/wp\/v2\/product_cat?post=4004"},{"taxonomy":"product_tag","embeddable":true,"href":"https:\/\/revorn.art\/es\/wp-json\/wp\/v2\/product_tag?post=4004"}],"curies":[{"name":"wp","href":"https:\/\/api.w.org\/{rel}","templated":true}]}}