{"id":574,"date":"2025-05-14T19:07:04","date_gmt":"2025-05-14T17:07:04","guid":{"rendered":"https:\/\/revorn.art\/?post_type=product&#038;p=574"},"modified":"2025-06-24T09:39:04","modified_gmt":"2025-06-24T07:39:04","slug":"acid-division-circular","status":"publish","type":"product","link":"https:\/\/revorn.art\/es\/producto\/acid-division-circular\/","title":{"rendered":"DIVISI\u00d3N \u00c1CIDA \u2013 Circular"},"content":{"rendered":"<p><strong>Toalla circular \u201cDivisi\u00f3n \u00c1cida\u201d<\/strong><br \/>\n<strong>Creado por el artista Joan Tarrag\u00f3<\/strong><\/p>\n<p>Fabricadas con orgullo en Barcelona, nuestras toallas recicladas de secado r\u00e1pido est\u00e1n hechas a partir de residuos posconsumo y certificadas seg\u00fan el RCS (Recycled Claim Standard).<\/p>\n<p><span style=\"font-weight: 400;\">Un lienzo enorme y funcional dise\u00f1ado para tu aventura diaria.<\/span><\/p>\n<p><strong>El artista<br \/>\n<\/strong>Joan Tarrag\u00f3 es un artista barcelon\u00e9s que fusiona caligraf\u00eda ancestral, arte mural y gr\u00e1fica urbana, inspirado en la cultura del surf y el skate. A lo largo de a\u00f1os de viajes e investigaci\u00f3n, ha desarrollado un lenguaje visual \u00fanico que conecta lo ancestral con lo moderno y lo local con lo global.<\/p>","protected":false},"excerpt":{"rendered":"<p>Toalla circular de microfibra<\/p>","protected":false},"featured_media":2556,"template":"","meta":{"_acf_changed":false,"_monsterinsights_skip_tracking":false,"_monsterinsights_sitenote_active":false,"_monsterinsights_sitenote_note":"","_monsterinsights_sitenote_category":0},"product_artist":[],"collection":[67],"collections":[79],"talla":[75],"product_brand":[],"product_cat":[24],"product_tag":[],"class_list":{"0":"post-574","1":"product","2":"type-product","3":"status-publish","4":"has-post-thumbnail","6":"collection-acid-division","7":"collections-roadtrip-to-imsouane","8":"talla-145-cm-x-145-cm","9":"product_cat-circular-towels","11":"first","12":"instock","13":"taxable","14":"shipping-taxable","15":"purchasable","16":"product-type-simple"},"acf":[],"yoast_head":"<!-- This site is optimized with the Yoast SEO plugin v25.3.1 - https:\/\/yoast.com\/wordpress\/plugins\/seo\/ -->\n<title>ACID DIVISION - Circular - REVORN ART TOWELS<\/title>\n<meta name=\"robots\" content=\"index, follow, max-snippet:-1, max-image-preview:large, max-video-preview:-1\" \/>\n<link rel=\"canonical\" href=\"https:\/\/revorn.art\/es\/producto\/acid-division-circular\/\" \/>\n<meta property=\"og:locale\" content=\"es_ES\" \/>\n<meta property=\"og:type\" content=\"article\" \/>\n<meta property=\"og:title\" content=\"ACID DIVISION - Circular - REVORN ART TOWELS\" \/>\n<meta property=\"og:description\" content=\"Circular Microfiber Towel\" \/>\n<meta property=\"og:url\" content=\"https:\/\/revorn.art\/es\/producto\/acid-division-circular\/\" \/>\n<meta property=\"og:site_name\" content=\"REVORN ART TOWELS\" \/>\n<meta property=\"article:modified_time\" content=\"2025-06-24T07:39:04+00:00\" \/>\n<meta property=\"og:image\" content=\"https:\/\/revorn.art\/wp-content\/uploads\/2025\/06\/Revorn_Ecom_0155.jpg\" \/>\n\t<meta property=\"og:image:width\" content=\"2600\" \/>\n\t<meta property=\"og:image:height\" content=\"3900\" \/>\n\t<meta property=\"og:image:type\" content=\"image\/jpeg\" \/>\n<meta name=\"twitter:card\" content=\"summary_large_image\" \/>\n<meta name=\"twitter:label1\" content=\"Tiempo de lectura\" \/>\n\t<meta name=\"twitter:data1\" content=\"1 minuto\" \/>\n<script type=\"application\/ld+json\" class=\"yoast-schema-graph\">{\"@context\":\"https:\/\/schema.org\",\"@graph\":[{\"@type\":\"WebPage\",\"@id\":\"https:\/\/revorn.art\/product\/acid-division-circular\/\",\"url\":\"https:\/\/revorn.art\/product\/acid-division-circular\/\",\"name\":\"ACID DIVISION - Circular - REVORN ART TOWELS\",\"isPartOf\":{\"@id\":\"https:\/\/revorn.art\/#website\"},\"primaryImageOfPage\":{\"@id\":\"https:\/\/revorn.art\/product\/acid-division-circular\/#primaryimage\"},\"image\":{\"@id\":\"https:\/\/revorn.art\/product\/acid-division-circular\/#primaryimage\"},\"thumbnailUrl\":\"https:\/\/revorn.art\/wp-content\/uploads\/2025\/06\/Revorn_Ecom_0155.jpg\",\"datePublished\":\"2025-05-14T17:07:04+00:00\",\"dateModified\":\"2025-06-24T07:39:04+00:00\",\"breadcrumb\":{\"@id\":\"https:\/\/revorn.art\/product\/acid-division-circular\/#breadcrumb\"},\"inLanguage\":\"es\",\"potentialAction\":[{\"@type\":\"ReadAction\",\"target\":[\"https:\/\/revorn.art\/product\/acid-division-circular\/\"]}]},{\"@type\":\"ImageObject\",\"inLanguage\":\"es\",\"@id\":\"https:\/\/revorn.art\/product\/acid-division-circular\/#primaryimage\",\"url\":\"https:\/\/revorn.art\/wp-content\/uploads\/2025\/06\/Revorn_Ecom_0155.jpg\",\"contentUrl\":\"https:\/\/revorn.art\/wp-content\/uploads\/2025\/06\/Revorn_Ecom_0155.jpg\",\"width\":2600,\"height\":3900},{\"@type\":\"BreadcrumbList\",\"@id\":\"https:\/\/revorn.art\/product\/acid-division-circular\/#breadcrumb\",\"itemListElement\":[{\"@type\":\"ListItem\",\"position\":1,\"name\":\"Home\",\"item\":\"https:\/\/revorn.art\/\"},{\"@type\":\"ListItem\",\"position\":2,\"name\":\"Shop\",\"item\":\"https:\/\/revorn.art\/shop\/\"},{\"@type\":\"ListItem\",\"position\":3,\"name\":\"ACID DIVISION &#8211; Circular\"}]},{\"@type\":\"WebSite\",\"@id\":\"https:\/\/revorn.art\/#website\",\"url\":\"https:\/\/revorn.art\/\",\"name\":\"REVORN ART TOWELS\",\"description\":\"Art-Edition, Sustainable &amp; Technical Towels -  Made in Barcelona\",\"publisher\":{\"@id\":\"https:\/\/revorn.art\/#organization\"},\"potentialAction\":[{\"@type\":\"SearchAction\",\"target\":{\"@type\":\"EntryPoint\",\"urlTemplate\":\"https:\/\/revorn.art\/?s={search_term_string}\"},\"query-input\":{\"@type\":\"PropertyValueSpecification\",\"valueRequired\":true,\"valueName\":\"search_term_string\"}}],\"inLanguage\":\"es\"},{\"@type\":\"Organization\",\"@id\":\"https:\/\/revorn.art\/#organization\",\"name\":\"REVORN ART TOWELS\",\"url\":\"https:\/\/revorn.art\/\",\"logo\":{\"@type\":\"ImageObject\",\"inLanguage\":\"es\",\"@id\":\"https:\/\/revorn.art\/#\/schema\/logo\/image\/\",\"url\":\"https:\/\/revorn.art\/wp-content\/uploads\/2025\/05\/logo-revorn-1.png\",\"contentUrl\":\"https:\/\/revorn.art\/wp-content\/uploads\/2025\/05\/logo-revorn-1.png\",\"width\":919,\"height\":706,\"caption\":\"REVORN ART TOWELS\"},\"image\":{\"@id\":\"https:\/\/revorn.art\/#\/schema\/logo\/image\/\"}}]}<\/script>\n<!-- \/ Yoast SEO plugin. -->","yoast_head_json":{"title":"ACID DIVISION - Circular - REVORN ART TOWELS","robots":{"index":"index","follow":"follow","max-snippet":"max-snippet:-1","max-image-preview":"max-image-preview:large","max-video-preview":"max-video-preview:-1"},"canonical":"https:\/\/revorn.art\/es\/producto\/acid-division-circular\/","og_locale":"es_ES","og_type":"article","og_title":"ACID DIVISION - Circular - REVORN ART TOWELS","og_description":"Circular Microfiber Towel","og_url":"https:\/\/revorn.art\/es\/producto\/acid-division-circular\/","og_site_name":"REVORN ART TOWELS","article_modified_time":"2025-06-24T07:39:04+00:00","og_image":[{"width":2600,"height":3900,"url":"https:\/\/revorn.art\/wp-content\/uploads\/2025\/06\/Revorn_Ecom_0155.jpg","type":"image\/jpeg"}],"twitter_card":"summary_large_image","twitter_misc":{"Tiempo de lectura":"1 minuto"},"schema":{"@context":"https:\/\/schema.org","@graph":[{"@type":"WebPage","@id":"https:\/\/revorn.art\/product\/acid-division-circular\/","url":"https:\/\/revorn.art\/product\/acid-division-circular\/","name":"ACID DIVISION - Circular - REVORN ART TOWELS","isPartOf":{"@id":"https:\/\/revorn.art\/#website"},"primaryImageOfPage":{"@id":"https:\/\/revorn.art\/product\/acid-division-circular\/#primaryimage"},"image":{"@id":"https:\/\/revorn.art\/product\/acid-division-circular\/#primaryimage"},"thumbnailUrl":"https:\/\/revorn.art\/wp-content\/uploads\/2025\/06\/Revorn_Ecom_0155.jpg","datePublished":"2025-05-14T17:07:04+00:00","dateModified":"2025-06-24T07:39:04+00:00","breadcrumb":{"@id":"https:\/\/revorn.art\/product\/acid-division-circular\/#breadcrumb"},"inLanguage":"es","potentialAction":[{"@type":"ReadAction","target":["https:\/\/revorn.art\/product\/acid-division-circular\/"]}]},{"@type":"ImageObject","inLanguage":"es","@id":"https:\/\/revorn.art\/product\/acid-division-circular\/#primaryimage","url":"https:\/\/revorn.art\/wp-content\/uploads\/2025\/06\/Revorn_Ecom_0155.jpg","contentUrl":"https:\/\/revorn.art\/wp-content\/uploads\/2025\/06\/Revorn_Ecom_0155.jpg","width":2600,"height":3900},{"@type":"BreadcrumbList","@id":"https:\/\/revorn.art\/product\/acid-division-circular\/#breadcrumb","itemListElement":[{"@type":"ListItem","position":1,"name":"Home","item":"https:\/\/revorn.art\/"},{"@type":"ListItem","position":2,"name":"Shop","item":"https:\/\/revorn.art\/shop\/"},{"@type":"ListItem","position":3,"name":"ACID DIVISION &#8211; Circular"}]},{"@type":"WebSite","@id":"https:\/\/revorn.art\/#website","url":"https:\/\/revorn.art\/","name":"REVORN ART TOWELS","description":"Art-Edition, Sustainable &amp; Technical Towels -  Made in Barcelona","publisher":{"@id":"https:\/\/revorn.art\/#organization"},"potentialAction":[{"@type":"SearchAction","target":{"@type":"EntryPoint","urlTemplate":"https:\/\/revorn.art\/?s={search_term_string}"},"query-input":{"@type":"PropertyValueSpecification","valueRequired":true,"valueName":"search_term_string"}}],"inLanguage":"es"},{"@type":"Organization","@id":"https:\/\/revorn.art\/#organization","name":"REVORN ART TOWELS","url":"https:\/\/revorn.art\/","logo":{"@type":"ImageObject","inLanguage":"es","@id":"https:\/\/revorn.art\/#\/schema\/logo\/image\/","url":"https:\/\/revorn.art\/wp-content\/uploads\/2025\/05\/logo-revorn-1.png","contentUrl":"https:\/\/revorn.art\/wp-content\/uploads\/2025\/05\/logo-revorn-1.png","width":919,"height":706,"caption":"REVORN ART TOWELS"},"image":{"@id":"https:\/\/revorn.art\/#\/schema\/logo\/image\/"}}]}},"_links":{"self":[{"href":"https:\/\/revorn.art\/es\/wp-json\/wp\/v2\/product\/574","targetHints":{"allow":["GET"]}}],"collection":[{"href":"https:\/\/revorn.art\/es\/wp-json\/wp\/v2\/product"}],"about":[{"href":"https:\/\/revorn.art\/es\/wp-json\/wp\/v2\/types\/product"}],"wp:featuredmedia":[{"embeddable":true,"href":"https:\/\/revorn.art\/es\/wp-json\/wp\/v2\/media\/2556"}],"wp:attachment":[{"href":"https:\/\/revorn.art\/es\/wp-json\/wp\/v2\/media?parent=574"}],"wp:term":[{"taxonomy":"product_artist","embeddable":true,"href":"https:\/\/revorn.art\/es\/wp-json\/wp\/v2\/product_artist?post=574"},{"taxonomy":"collection","embeddable":true,"href":"https:\/\/revorn.art\/es\/wp-json\/wp\/v2\/collection?post=574"},{"taxonomy":"collections","embeddable":true,"href":"https:\/\/revorn.art\/es\/wp-json\/wp\/v2\/collections?post=574"},{"taxonomy":"talla","embeddable":true,"href":"https:\/\/revorn.art\/es\/wp-json\/wp\/v2\/talla?post=574"},{"taxonomy":"product_brand","embeddable":true,"href":"https:\/\/revorn.art\/es\/wp-json\/wp\/v2\/product_brand?post=574"},{"taxonomy":"product_cat","embeddable":true,"href":"https:\/\/revorn.art\/es\/wp-json\/wp\/v2\/product_cat?post=574"},{"taxonomy":"product_tag","embeddable":true,"href":"https:\/\/revorn.art\/es\/wp-json\/wp\/v2\/product_tag?post=574"}],"curies":[{"name":"wp","href":"https:\/\/api.w.org\/{rel}","templated":true}]}}