{"id":616,"date":"2025-05-14T19:32:47","date_gmt":"2025-05-14T17:32:47","guid":{"rendered":"https:\/\/revorn.art\/?post_type=product&#038;p=616"},"modified":"2025-06-21T21:18:27","modified_gmt":"2025-06-21T19:18:27","slug":"sweet-beat-yoga","status":"publish","type":"product","link":"https:\/\/revorn.art\/es\/producto\/sweet-beat-yoga\/","title":{"rendered":"RITMO DULCE \u2013 Yoga"},"content":{"rendered":"<p><strong>Toalla de yoga \u201cSWEET BEAT\u201d<\/strong><br \/>\n<strong>Creado por el artista Joan Tarrag\u00f3<\/strong><\/p>\n<p>Fabricadas con orgullo en Barcelona, nuestras toallas recicladas de secado r\u00e1pido est\u00e1n hechas a partir de residuos posconsumo y certificadas seg\u00fan el RCS (Recycled Claim Standard).<\/p>\n<p><span style=\"font-weight: 400;\">Un lienzo enorme y funcional dise\u00f1ado para tu aventura diaria.<\/span><\/p>\n<p><strong>El artista<br \/>\n<\/strong>Joan Tarrag\u00f3 es un artista barcelon\u00e9s que fusiona caligraf\u00eda ancestral, arte mural y gr\u00e1fica urbana, inspirado en la cultura del surf y el skate. A lo largo de a\u00f1os de viajes e investigaci\u00f3n, ha desarrollado un lenguaje visual \u00fanico que conecta lo ancestral con lo moderno y lo local con lo global.<\/p>","protected":false},"excerpt":{"rendered":"<p>Toalla de microfibra para yoga<\/p>","protected":false},"featured_media":2527,"template":"","meta":{"_acf_changed":false,"_monsterinsights_skip_tracking":false,"_monsterinsights_sitenote_active":false,"_monsterinsights_sitenote_note":"","_monsterinsights_sitenote_category":0},"product_artist":[],"collection":[55],"collections":[79],"talla":[76],"product_brand":[],"product_cat":[28],"product_tag":[],"class_list":{"0":"post-616","1":"product","2":"type-product","3":"status-publish","4":"has-post-thumbnail","6":"collection-sweet-beat","7":"collections-roadtrip-to-imsouane","8":"talla-183cm-x-62cm","9":"product_cat-yoga-towels","11":"first","12":"instock","13":"featured","14":"taxable","15":"shipping-taxable","16":"purchasable","17":"product-type-simple"},"acf":[],"yoast_head":"<!-- This site is optimized with the Yoast SEO plugin v25.3.1 - https:\/\/yoast.com\/wordpress\/plugins\/seo\/ -->\n<title>SWEET BEAT - Yoga - REVORN ART TOWELS<\/title>\n<meta name=\"robots\" content=\"index, follow, max-snippet:-1, max-image-preview:large, max-video-preview:-1\" \/>\n<link rel=\"canonical\" href=\"https:\/\/revorn.art\/es\/producto\/sweet-beat-yoga\/\" \/>\n<meta property=\"og:locale\" content=\"es_ES\" \/>\n<meta property=\"og:type\" content=\"article\" \/>\n<meta property=\"og:title\" content=\"SWEET BEAT - Yoga - REVORN ART TOWELS\" \/>\n<meta property=\"og:description\" content=\"Yoga Microfiber Towel\" \/>\n<meta property=\"og:url\" content=\"https:\/\/revorn.art\/es\/producto\/sweet-beat-yoga\/\" \/>\n<meta property=\"og:site_name\" content=\"REVORN ART TOWELS\" \/>\n<meta property=\"article:modified_time\" content=\"2025-06-21T19:18:27+00:00\" \/>\n<meta property=\"og:image\" content=\"https:\/\/revorn.art\/wp-content\/uploads\/2025\/06\/Revorn_Ecom_0077.jpg\" \/>\n\t<meta property=\"og:image:width\" content=\"2600\" \/>\n\t<meta property=\"og:image:height\" content=\"3640\" \/>\n\t<meta property=\"og:image:type\" content=\"image\/jpeg\" \/>\n<meta name=\"twitter:card\" content=\"summary_large_image\" \/>\n<meta name=\"twitter:label1\" content=\"Tiempo de lectura\" \/>\n\t<meta name=\"twitter:data1\" content=\"1 minuto\" \/>\n<script type=\"application\/ld+json\" class=\"yoast-schema-graph\">{\"@context\":\"https:\/\/schema.org\",\"@graph\":[{\"@type\":\"WebPage\",\"@id\":\"https:\/\/revorn.art\/product\/sweet-beat-yoga\/\",\"url\":\"https:\/\/revorn.art\/product\/sweet-beat-yoga\/\",\"name\":\"SWEET BEAT - Yoga - REVORN ART TOWELS\",\"isPartOf\":{\"@id\":\"https:\/\/revorn.art\/#website\"},\"primaryImageOfPage\":{\"@id\":\"https:\/\/revorn.art\/product\/sweet-beat-yoga\/#primaryimage\"},\"image\":{\"@id\":\"https:\/\/revorn.art\/product\/sweet-beat-yoga\/#primaryimage\"},\"thumbnailUrl\":\"https:\/\/revorn.art\/wp-content\/uploads\/2025\/06\/Revorn_Ecom_0077.jpg\",\"datePublished\":\"2025-05-14T17:32:47+00:00\",\"dateModified\":\"2025-06-21T19:18:27+00:00\",\"breadcrumb\":{\"@id\":\"https:\/\/revorn.art\/product\/sweet-beat-yoga\/#breadcrumb\"},\"inLanguage\":\"es\",\"potentialAction\":[{\"@type\":\"ReadAction\",\"target\":[\"https:\/\/revorn.art\/product\/sweet-beat-yoga\/\"]}]},{\"@type\":\"ImageObject\",\"inLanguage\":\"es\",\"@id\":\"https:\/\/revorn.art\/product\/sweet-beat-yoga\/#primaryimage\",\"url\":\"https:\/\/revorn.art\/wp-content\/uploads\/2025\/06\/Revorn_Ecom_0077.jpg\",\"contentUrl\":\"https:\/\/revorn.art\/wp-content\/uploads\/2025\/06\/Revorn_Ecom_0077.jpg\",\"width\":2600,\"height\":3640},{\"@type\":\"BreadcrumbList\",\"@id\":\"https:\/\/revorn.art\/product\/sweet-beat-yoga\/#breadcrumb\",\"itemListElement\":[{\"@type\":\"ListItem\",\"position\":1,\"name\":\"Home\",\"item\":\"https:\/\/revorn.art\/\"},{\"@type\":\"ListItem\",\"position\":2,\"name\":\"Shop\",\"item\":\"https:\/\/revorn.art\/shop\/\"},{\"@type\":\"ListItem\",\"position\":3,\"name\":\"SWEET BEAT &#8211; Yoga\"}]},{\"@type\":\"WebSite\",\"@id\":\"https:\/\/revorn.art\/#website\",\"url\":\"https:\/\/revorn.art\/\",\"name\":\"REVORN ART TOWELS\",\"description\":\"Art-Edition, Sustainable &amp; Technical Towels -  Made in Barcelona\",\"publisher\":{\"@id\":\"https:\/\/revorn.art\/#organization\"},\"potentialAction\":[{\"@type\":\"SearchAction\",\"target\":{\"@type\":\"EntryPoint\",\"urlTemplate\":\"https:\/\/revorn.art\/?s={search_term_string}\"},\"query-input\":{\"@type\":\"PropertyValueSpecification\",\"valueRequired\":true,\"valueName\":\"search_term_string\"}}],\"inLanguage\":\"es\"},{\"@type\":\"Organization\",\"@id\":\"https:\/\/revorn.art\/#organization\",\"name\":\"REVORN ART TOWELS\",\"url\":\"https:\/\/revorn.art\/\",\"logo\":{\"@type\":\"ImageObject\",\"inLanguage\":\"es\",\"@id\":\"https:\/\/revorn.art\/#\/schema\/logo\/image\/\",\"url\":\"https:\/\/revorn.art\/wp-content\/uploads\/2025\/05\/logo-revorn-1.png\",\"contentUrl\":\"https:\/\/revorn.art\/wp-content\/uploads\/2025\/05\/logo-revorn-1.png\",\"width\":919,\"height\":706,\"caption\":\"REVORN ART TOWELS\"},\"image\":{\"@id\":\"https:\/\/revorn.art\/#\/schema\/logo\/image\/\"}}]}<\/script>\n<!-- \/ Yoast SEO plugin. -->","yoast_head_json":{"title":"SWEET BEAT - Yoga - REVORN ART TOWELS","robots":{"index":"index","follow":"follow","max-snippet":"max-snippet:-1","max-image-preview":"max-image-preview:large","max-video-preview":"max-video-preview:-1"},"canonical":"https:\/\/revorn.art\/es\/producto\/sweet-beat-yoga\/","og_locale":"es_ES","og_type":"article","og_title":"SWEET BEAT - Yoga - REVORN ART TOWELS","og_description":"Yoga Microfiber Towel","og_url":"https:\/\/revorn.art\/es\/producto\/sweet-beat-yoga\/","og_site_name":"REVORN ART TOWELS","article_modified_time":"2025-06-21T19:18:27+00:00","og_image":[{"width":2600,"height":3640,"url":"https:\/\/revorn.art\/wp-content\/uploads\/2025\/06\/Revorn_Ecom_0077.jpg","type":"image\/jpeg"}],"twitter_card":"summary_large_image","twitter_misc":{"Tiempo de lectura":"1 minuto"},"schema":{"@context":"https:\/\/schema.org","@graph":[{"@type":"WebPage","@id":"https:\/\/revorn.art\/product\/sweet-beat-yoga\/","url":"https:\/\/revorn.art\/product\/sweet-beat-yoga\/","name":"SWEET BEAT - Yoga - REVORN ART TOWELS","isPartOf":{"@id":"https:\/\/revorn.art\/#website"},"primaryImageOfPage":{"@id":"https:\/\/revorn.art\/product\/sweet-beat-yoga\/#primaryimage"},"image":{"@id":"https:\/\/revorn.art\/product\/sweet-beat-yoga\/#primaryimage"},"thumbnailUrl":"https:\/\/revorn.art\/wp-content\/uploads\/2025\/06\/Revorn_Ecom_0077.jpg","datePublished":"2025-05-14T17:32:47+00:00","dateModified":"2025-06-21T19:18:27+00:00","breadcrumb":{"@id":"https:\/\/revorn.art\/product\/sweet-beat-yoga\/#breadcrumb"},"inLanguage":"es","potentialAction":[{"@type":"ReadAction","target":["https:\/\/revorn.art\/product\/sweet-beat-yoga\/"]}]},{"@type":"ImageObject","inLanguage":"es","@id":"https:\/\/revorn.art\/product\/sweet-beat-yoga\/#primaryimage","url":"https:\/\/revorn.art\/wp-content\/uploads\/2025\/06\/Revorn_Ecom_0077.jpg","contentUrl":"https:\/\/revorn.art\/wp-content\/uploads\/2025\/06\/Revorn_Ecom_0077.jpg","width":2600,"height":3640},{"@type":"BreadcrumbList","@id":"https:\/\/revorn.art\/product\/sweet-beat-yoga\/#breadcrumb","itemListElement":[{"@type":"ListItem","position":1,"name":"Home","item":"https:\/\/revorn.art\/"},{"@type":"ListItem","position":2,"name":"Shop","item":"https:\/\/revorn.art\/shop\/"},{"@type":"ListItem","position":3,"name":"SWEET BEAT &#8211; Yoga"}]},{"@type":"WebSite","@id":"https:\/\/revorn.art\/#website","url":"https:\/\/revorn.art\/","name":"REVORN ART TOWELS","description":"Art-Edition, Sustainable &amp; Technical Towels -  Made in Barcelona","publisher":{"@id":"https:\/\/revorn.art\/#organization"},"potentialAction":[{"@type":"SearchAction","target":{"@type":"EntryPoint","urlTemplate":"https:\/\/revorn.art\/?s={search_term_string}"},"query-input":{"@type":"PropertyValueSpecification","valueRequired":true,"valueName":"search_term_string"}}],"inLanguage":"es"},{"@type":"Organization","@id":"https:\/\/revorn.art\/#organization","name":"REVORN ART TOWELS","url":"https:\/\/revorn.art\/","logo":{"@type":"ImageObject","inLanguage":"es","@id":"https:\/\/revorn.art\/#\/schema\/logo\/image\/","url":"https:\/\/revorn.art\/wp-content\/uploads\/2025\/05\/logo-revorn-1.png","contentUrl":"https:\/\/revorn.art\/wp-content\/uploads\/2025\/05\/logo-revorn-1.png","width":919,"height":706,"caption":"REVORN ART TOWELS"},"image":{"@id":"https:\/\/revorn.art\/#\/schema\/logo\/image\/"}}]}},"_links":{"self":[{"href":"https:\/\/revorn.art\/es\/wp-json\/wp\/v2\/product\/616","targetHints":{"allow":["GET"]}}],"collection":[{"href":"https:\/\/revorn.art\/es\/wp-json\/wp\/v2\/product"}],"about":[{"href":"https:\/\/revorn.art\/es\/wp-json\/wp\/v2\/types\/product"}],"wp:featuredmedia":[{"embeddable":true,"href":"https:\/\/revorn.art\/es\/wp-json\/wp\/v2\/media\/2527"}],"wp:attachment":[{"href":"https:\/\/revorn.art\/es\/wp-json\/wp\/v2\/media?parent=616"}],"wp:term":[{"taxonomy":"product_artist","embeddable":true,"href":"https:\/\/revorn.art\/es\/wp-json\/wp\/v2\/product_artist?post=616"},{"taxonomy":"collection","embeddable":true,"href":"https:\/\/revorn.art\/es\/wp-json\/wp\/v2\/collection?post=616"},{"taxonomy":"collections","embeddable":true,"href":"https:\/\/revorn.art\/es\/wp-json\/wp\/v2\/collections?post=616"},{"taxonomy":"talla","embeddable":true,"href":"https:\/\/revorn.art\/es\/wp-json\/wp\/v2\/talla?post=616"},{"taxonomy":"product_brand","embeddable":true,"href":"https:\/\/revorn.art\/es\/wp-json\/wp\/v2\/product_brand?post=616"},{"taxonomy":"product_cat","embeddable":true,"href":"https:\/\/revorn.art\/es\/wp-json\/wp\/v2\/product_cat?post=616"},{"taxonomy":"product_tag","embeddable":true,"href":"https:\/\/revorn.art\/es\/wp-json\/wp\/v2\/product_tag?post=616"}],"curies":[{"name":"wp","href":"https:\/\/api.w.org\/{rel}","templated":true}]}}